{"id":84684,"date":"2023-10-14T09:09:13","date_gmt":"2023-10-14T07:09:13","guid":{"rendered":"https:\/\/audiohypnosis.online\/product\/medo-de-voar\/"},"modified":"2024-01-11T08:12:49","modified_gmt":"2024-01-11T07:12:49","slug":"medo-de-voar","status":"publish","type":"product","link":"https:\/\/audiohypnosis.online\/pt-br\/produto\/medo-de-voar\/","title":{"rendered":"Medo de voar"},"content":{"rendered":"<p>Voc\u00ea tem medo de voar?<br \/>\nNossas sess\u00f5es de hipnose em \u00e1udio foram criadas para ajudar voc\u00ea a superar esse medo.<br \/>\nO pacote vem com 6 MP3s de \u00e1udio diferentes e um manual para pr\u00e1ticas eficazes.  <\/p>\n","protected":false},"excerpt":{"rendered":"<p>Voc\u00ea est\u00e1 ansioso para voar?<\/p>\n","protected":false},"featured_media":84742,"comment_status":"closed","ping_status":"closed","template":"","meta":[],"language":[2637,2581,2780],"product_cat":[2646],"product_tag":[2662,2693,2647,2702,2698],"class_list":{"0":"post-84684","1":"product","2":"type-product","3":"status-publish","4":"has-post-thumbnail","6":"language-alemao","7":"language-holandes","8":"language-servio","9":"product_cat-medos-e-fobias","10":"product_tag-ansiedade","11":"product_tag-fobia-pt-br","12":"product_tag-medo","13":"product_tag-viagens","14":"product_tag-voar","15":"pa_languages-alemao","16":"pa_languages-holandes","17":"pa_languages-servio","19":"entry","20":"has-media","22":"first","23":"instock","24":"purchasable","25":"product-type-variable","26":"has-product-nav","27":"col","28":"span_1_of_4","29":"owp-content-center","30":"owp-thumbs-layout-horizontal","31":"owp-btn-big","32":"owp-tabs-layout-vertical","33":"has-no-thumbnails"},"acf":[],"aioseo_notices":[],"_links":{"self":[{"href":"https:\/\/audiohypnosis.online\/pt-br\/wp-json\/wp\/v2\/product\/84684","targetHints":{"allow":["GET"]}}],"collection":[{"href":"https:\/\/audiohypnosis.online\/pt-br\/wp-json\/wp\/v2\/product"}],"about":[{"href":"https:\/\/audiohypnosis.online\/pt-br\/wp-json\/wp\/v2\/types\/product"}],"replies":[{"embeddable":true,"href":"https:\/\/audiohypnosis.online\/pt-br\/wp-json\/wp\/v2\/comments?post=84684"}],"version-history":[{"count":1,"href":"https:\/\/audiohypnosis.online\/pt-br\/wp-json\/wp\/v2\/product\/84684\/revisions"}],"predecessor-version":[{"id":84977,"href":"https:\/\/audiohypnosis.online\/pt-br\/wp-json\/wp\/v2\/product\/84684\/revisions\/84977"}],"wp:featuredmedia":[{"embeddable":true,"href":"https:\/\/audiohypnosis.online\/pt-br\/wp-json\/wp\/v2\/media\/84742"}],"wp:attachment":[{"href":"https:\/\/audiohypnosis.online\/pt-br\/wp-json\/wp\/v2\/media?parent=84684"}],"wp:term":[{"taxonomy":"language","embeddable":true,"href":"https:\/\/audiohypnosis.online\/pt-br\/wp-json\/wp\/v2\/language?post=84684"},{"taxonomy":"product_cat","embeddable":true,"href":"https:\/\/audiohypnosis.online\/pt-br\/wp-json\/wp\/v2\/product_cat?post=84684"},{"taxonomy":"product_tag","embeddable":true,"href":"https:\/\/audiohypnosis.online\/pt-br\/wp-json\/wp\/v2\/product_tag?post=84684"}],"curies":[{"name":"wp","href":"https:\/\/api.w.org\/{rel}","templated":true}]}}