{"id":84679,"date":"2023-10-14T09:09:13","date_gmt":"2023-10-14T07:09:13","guid":{"rendered":"https:\/\/audiohypnosis.online\/product\/aumentar-a-motivacao-para-a-atividade-fisica\/"},"modified":"2024-01-11T08:12:53","modified_gmt":"2024-01-11T07:12:53","slug":"aumentar-a-motivacao-para-a-atividade-fisica","status":"publish","type":"product","link":"https:\/\/audiohypnosis.online\/pt-br\/produto\/aumentar-a-motivacao-para-a-atividade-fisica\/","title":{"rendered":"Aumentar a motiva\u00e7\u00e3o para a atividade f\u00edsica"},"content":{"rendered":"<p>Voc\u00ea quer ser mais ativo?<br \/>\nNossos MP3s de hipnose em \u00e1udio visam aumentar sua motiva\u00e7\u00e3o para a atividade f\u00edsica.<br \/>\nVoc\u00ea receber\u00e1 6 arquivos de \u00e1udio para download e um manual para obter melhores resultados.  <\/p>\n","protected":false},"excerpt":{"rendered":"<p>Voc\u00ea precisa de motiva\u00e7\u00e3o para praticar atividades f\u00edsicas?<\/p>\n","protected":false},"featured_media":84734,"comment_status":"closed","ping_status":"closed","template":"","meta":[],"language":[2637,2639,2636,2581,2638,2780],"product_cat":[2651],"product_tag":[2696,2642,2692,2699,2641],"class_list":{"0":"post-84679","1":"product","2":"type-product","3":"status-publish","4":"has-post-thumbnail","6":"language-alemao","7":"language-espanhol","8":"language-frances","9":"language-holandes","10":"language-ingles","11":"language-servio","12":"product_cat-auto-aperfeicoamento","13":"product_tag-atividade-fisica","14":"product_tag-bem-estar","15":"product_tag-exercicio","16":"product_tag-motivacao","17":"product_tag-saude","18":"pa_languages-alemao","19":"pa_languages-espanhol","20":"pa_languages-frances","21":"pa_languages-holandes","22":"pa_languages-hungaro","23":"pa_languages-ingles","24":"pa_languages-polones","25":"pa_languages-portugues-brasil","26":"pa_languages-servio","27":"pa_languages-ucraniano","29":"entry","30":"has-media","32":"first","33":"instock","34":"purchasable","35":"product-type-variable","36":"has-product-nav","37":"col","38":"span_1_of_4","39":"owp-content-center","40":"owp-thumbs-layout-horizontal","41":"owp-btn-big","42":"owp-tabs-layout-vertical","43":"has-no-thumbnails"},"acf":[],"aioseo_notices":[],"_links":{"self":[{"href":"https:\/\/audiohypnosis.online\/pt-br\/wp-json\/wp\/v2\/product\/84679","targetHints":{"allow":["GET"]}}],"collection":[{"href":"https:\/\/audiohypnosis.online\/pt-br\/wp-json\/wp\/v2\/product"}],"about":[{"href":"https:\/\/audiohypnosis.online\/pt-br\/wp-json\/wp\/v2\/types\/product"}],"replies":[{"embeddable":true,"href":"https:\/\/audiohypnosis.online\/pt-br\/wp-json\/wp\/v2\/comments?post=84679"}],"version-history":[{"count":1,"href":"https:\/\/audiohypnosis.online\/pt-br\/wp-json\/wp\/v2\/product\/84679\/revisions"}],"predecessor-version":[{"id":84989,"href":"https:\/\/audiohypnosis.online\/pt-br\/wp-json\/wp\/v2\/product\/84679\/revisions\/84989"}],"wp:featuredmedia":[{"embeddable":true,"href":"https:\/\/audiohypnosis.online\/pt-br\/wp-json\/wp\/v2\/media\/84734"}],"wp:attachment":[{"href":"https:\/\/audiohypnosis.online\/pt-br\/wp-json\/wp\/v2\/media?parent=84679"}],"wp:term":[{"taxonomy":"language","embeddable":true,"href":"https:\/\/audiohypnosis.online\/pt-br\/wp-json\/wp\/v2\/language?post=84679"},{"taxonomy":"product_cat","embeddable":true,"href":"https:\/\/audiohypnosis.online\/pt-br\/wp-json\/wp\/v2\/product_cat?post=84679"},{"taxonomy":"product_tag","embeddable":true,"href":"https:\/\/audiohypnosis.online\/pt-br\/wp-json\/wp\/v2\/product_tag?post=84679"}],"curies":[{"name":"wp","href":"https:\/\/api.w.org\/{rel}","templated":true}]}}