{"id":84674,"date":"2023-10-14T09:09:13","date_gmt":"2023-10-14T07:09:13","guid":{"rendered":"https:\/\/audiohypnosis.online\/product\/perda-de-peso\/"},"modified":"2024-01-11T08:12:47","modified_gmt":"2024-01-11T07:12:47","slug":"perda-de-peso","status":"publish","type":"product","link":"https:\/\/audiohypnosis.online\/pt-br\/produto\/perda-de-peso\/","title":{"rendered":"Perda de peso"},"content":{"rendered":"<p>Voc\u00ea est\u00e1 tentando perder peso?<br \/>\nNossas sess\u00f5es de hipnose em \u00e1udio orientam voc\u00ea a adotar h\u00e1bitos mais saud\u00e1veis de alimenta\u00e7\u00e3o e exerc\u00edcios.<br \/>\nVoc\u00ea ter\u00e1 acesso a 6 arquivos de \u00e1udio para download e a um manual de pr\u00e1ticas recomendadas.  <\/p>\n","protected":false},"excerpt":{"rendered":"<p>Voc\u00ea est\u00e1 querendo perder alguns quilos?<\/p>\n","protected":false},"featured_media":84731,"comment_status":"closed","ping_status":"closed","template":"","meta":[],"language":[2637,2639,2636,2581,3060,2780],"product_cat":[2686],"product_tag":[2695,2688,2700,2654],"class_list":{"0":"post-84674","1":"product","2":"type-product","3":"status-publish","4":"has-post-thumbnail","6":"language-alemao","7":"language-espanhol","8":"language-frances","9":"language-holandes","10":"language-it-pt-br","11":"language-servio","12":"product_cat-peso-pt-br","13":"product_tag-cwiczenia-pt-br","14":"product_tag-dieta-pt-br","15":"product_tag-odchudzanie-pt-br","16":"product_tag-zdrowie-pt-br","17":"pa_languages-alemao","18":"pa_languages-espanhol","19":"pa_languages-frances","20":"pa_languages-holandes","21":"pa_languages-hungaro","22":"pa_languages-italiano-pt-br","23":"pa_languages-portugues-brasil","24":"pa_languages-servio","25":"pa_languages-ucraniano","27":"entry","28":"has-media","30":"first","31":"instock","32":"purchasable","33":"product-type-variable","34":"has-product-nav","35":"col","36":"span_1_of_4","37":"owp-content-center","38":"owp-thumbs-layout-horizontal","39":"owp-btn-big","40":"owp-tabs-layout-vertical","41":"has-no-thumbnails"},"acf":[],"aioseo_notices":[],"_links":{"self":[{"href":"https:\/\/audiohypnosis.online\/pt-br\/wp-json\/wp\/v2\/product\/84674","targetHints":{"allow":["GET"]}}],"collection":[{"href":"https:\/\/audiohypnosis.online\/pt-br\/wp-json\/wp\/v2\/product"}],"about":[{"href":"https:\/\/audiohypnosis.online\/pt-br\/wp-json\/wp\/v2\/types\/product"}],"replies":[{"embeddable":true,"href":"https:\/\/audiohypnosis.online\/pt-br\/wp-json\/wp\/v2\/comments?post=84674"}],"version-history":[{"count":1,"href":"https:\/\/audiohypnosis.online\/pt-br\/wp-json\/wp\/v2\/product\/84674\/revisions"}],"predecessor-version":[{"id":84959,"href":"https:\/\/audiohypnosis.online\/pt-br\/wp-json\/wp\/v2\/product\/84674\/revisions\/84959"}],"wp:featuredmedia":[{"embeddable":true,"href":"https:\/\/audiohypnosis.online\/pt-br\/wp-json\/wp\/v2\/media\/84731"}],"wp:attachment":[{"href":"https:\/\/audiohypnosis.online\/pt-br\/wp-json\/wp\/v2\/media?parent=84674"}],"wp:term":[{"taxonomy":"language","embeddable":true,"href":"https:\/\/audiohypnosis.online\/pt-br\/wp-json\/wp\/v2\/language?post=84674"},{"taxonomy":"product_cat","embeddable":true,"href":"https:\/\/audiohypnosis.online\/pt-br\/wp-json\/wp\/v2\/product_cat?post=84674"},{"taxonomy":"product_tag","embeddable":true,"href":"https:\/\/audiohypnosis.online\/pt-br\/wp-json\/wp\/v2\/product_tag?post=84674"}],"curies":[{"name":"wp","href":"https:\/\/api.w.org\/{rel}","templated":true}]}}