{"id":84673,"date":"2023-10-14T09:09:13","date_gmt":"2023-10-14T07:09:13","guid":{"rendered":"https:\/\/audiohypnosis.online\/product\/zumbido\/"},"modified":"2024-01-11T08:12:52","modified_gmt":"2024-01-11T07:12:52","slug":"zumbido","status":"publish","type":"product","link":"https:\/\/audiohypnosis.online\/pt-br\/produto\/zumbido\/","title":{"rendered":"Zumbido"},"content":{"rendered":"<p>Voc\u00ea se incomoda com o zumbido constante nos ouvidos?<br \/>\nNossos MP3s de hipnose em \u00e1udio se concentram no al\u00edvio e no bem-estar.<br \/>\nO pacote inclui 6 arquivos de \u00e1udio diferentes e um manual para orientar voc\u00ea em dire\u00e7\u00e3o a uma vida mais tranquila.  <\/p>\n","protected":false},"excerpt":{"rendered":"<p>Voc\u00ea precisa de al\u00edvio para o zumbido?<\/p>\n","protected":false},"featured_media":84705,"comment_status":"closed","ping_status":"closed","template":"","meta":[],"language":[2636,2581,3060],"product_cat":[2640],"product_tag":[2664,2642,2685,2641,2690],"class_list":{"0":"post-84673","1":"product","2":"type-product","3":"status-publish","4":"has-post-thumbnail","6":"language-frances","7":"language-holandes","8":"language-it-pt-br","9":"product_cat-saude-e-bem-estar","10":"product_tag-alivio-pt-br","11":"product_tag-bem-estar","12":"product_tag-orelha","13":"product_tag-saude","14":"product_tag-som","15":"pa_languages-frances","16":"pa_languages-holandes","17":"pa_languages-italiano-pt-br","19":"entry","20":"has-media","22":"first","23":"instock","24":"purchasable","25":"product-type-variable","26":"has-product-nav","27":"col","28":"span_1_of_4","29":"owp-content-center","30":"owp-thumbs-layout-horizontal","31":"owp-btn-big","32":"owp-tabs-layout-vertical","33":"has-no-thumbnails"},"acf":[],"aioseo_notices":[],"_links":{"self":[{"href":"https:\/\/audiohypnosis.online\/pt-br\/wp-json\/wp\/v2\/product\/84673","targetHints":{"allow":["GET"]}}],"collection":[{"href":"https:\/\/audiohypnosis.online\/pt-br\/wp-json\/wp\/v2\/product"}],"about":[{"href":"https:\/\/audiohypnosis.online\/pt-br\/wp-json\/wp\/v2\/types\/product"}],"replies":[{"embeddable":true,"href":"https:\/\/audiohypnosis.online\/pt-br\/wp-json\/wp\/v2\/comments?post=84673"}],"version-history":[{"count":1,"href":"https:\/\/audiohypnosis.online\/pt-br\/wp-json\/wp\/v2\/product\/84673\/revisions"}],"predecessor-version":[{"id":84987,"href":"https:\/\/audiohypnosis.online\/pt-br\/wp-json\/wp\/v2\/product\/84673\/revisions\/84987"}],"wp:featuredmedia":[{"embeddable":true,"href":"https:\/\/audiohypnosis.online\/pt-br\/wp-json\/wp\/v2\/media\/84705"}],"wp:attachment":[{"href":"https:\/\/audiohypnosis.online\/pt-br\/wp-json\/wp\/v2\/media?parent=84673"}],"wp:term":[{"taxonomy":"language","embeddable":true,"href":"https:\/\/audiohypnosis.online\/pt-br\/wp-json\/wp\/v2\/language?post=84673"},{"taxonomy":"product_cat","embeddable":true,"href":"https:\/\/audiohypnosis.online\/pt-br\/wp-json\/wp\/v2\/product_cat?post=84673"},{"taxonomy":"product_tag","embeddable":true,"href":"https:\/\/audiohypnosis.online\/pt-br\/wp-json\/wp\/v2\/product_tag?post=84673"}],"curies":[{"name":"wp","href":"https:\/\/api.w.org\/{rel}","templated":true}]}}