{"id":84671,"date":"2023-10-14T09:09:13","date_gmt":"2023-10-14T07:09:13","guid":{"rendered":"https:\/\/audiohypnosis.online\/product\/falar-em-publico\/"},"modified":"2024-01-11T08:12:47","modified_gmt":"2024-01-11T07:12:47","slug":"falar-em-publico","status":"publish","type":"product","link":"https:\/\/audiohypnosis.online\/pt-br\/produto\/falar-em-publico\/","title":{"rendered":"Falar em p\u00fablico"},"content":{"rendered":"<p>Voc\u00ea quer melhorar suas habilidades de falar em p\u00fablico?<br \/>\nNossas sess\u00f5es de hipnose em \u00e1udio se concentram em aumentar sua confian\u00e7a e suas habilidades de comunica\u00e7\u00e3o.<br \/>\nVoc\u00ea receber\u00e1 6 arquivos de \u00e1udio e um manual para obter os melhores resultados.  <\/p>\n","protected":false},"excerpt":{"rendered":"<p>Voc\u00ea tem medo de falar em p\u00fablico?<\/p>\n","protected":false},"featured_media":84747,"comment_status":"closed","ping_status":"closed","template":"","meta":[],"language":[2637,2639,2636,2581,3060,2780],"product_cat":[2651],"product_tag":[2684,2691,2697,2703,2687],"class_list":{"0":"post-84671","1":"product","2":"type-product","3":"status-publish","4":"has-post-thumbnail","6":"language-alemao","7":"language-espanhol","8":"language-frances","9":"language-holandes","10":"language-it-pt-br","11":"language-servio","12":"product_cat-auto-aperfeicoamento","13":"product_tag-comunicacao","14":"product_tag-informacoes-publicas","15":"product_tag-samodoskonalenie-pt-br","16":"product_tag-umiejetnosc-pt-br","17":"product_tag-voce-pode-usar-o-site","18":"pa_languages-alemao","19":"pa_languages-espanhol","20":"pa_languages-frances","21":"pa_languages-holandes","22":"pa_languages-hungaro","23":"pa_languages-italiano-pt-br","24":"pa_languages-portugues-brasil","25":"pa_languages-servio","26":"pa_languages-ucraniano","28":"entry","29":"has-media","31":"first","32":"instock","33":"purchasable","34":"product-type-variable","35":"has-product-nav","36":"col","37":"span_1_of_4","38":"owp-content-center","39":"owp-thumbs-layout-horizontal","40":"owp-btn-big","41":"owp-tabs-layout-vertical","42":"has-no-thumbnails"},"acf":[],"aioseo_notices":[],"_links":{"self":[{"href":"https:\/\/audiohypnosis.online\/pt-br\/wp-json\/wp\/v2\/product\/84671","targetHints":{"allow":["GET"]}}],"collection":[{"href":"https:\/\/audiohypnosis.online\/pt-br\/wp-json\/wp\/v2\/product"}],"about":[{"href":"https:\/\/audiohypnosis.online\/pt-br\/wp-json\/wp\/v2\/types\/product"}],"replies":[{"embeddable":true,"href":"https:\/\/audiohypnosis.online\/pt-br\/wp-json\/wp\/v2\/comments?post=84671"}],"version-history":[{"count":1,"href":"https:\/\/audiohypnosis.online\/pt-br\/wp-json\/wp\/v2\/product\/84671\/revisions"}],"predecessor-version":[{"id":84957,"href":"https:\/\/audiohypnosis.online\/pt-br\/wp-json\/wp\/v2\/product\/84671\/revisions\/84957"}],"wp:featuredmedia":[{"embeddable":true,"href":"https:\/\/audiohypnosis.online\/pt-br\/wp-json\/wp\/v2\/media\/84747"}],"wp:attachment":[{"href":"https:\/\/audiohypnosis.online\/pt-br\/wp-json\/wp\/v2\/media?parent=84671"}],"wp:term":[{"taxonomy":"language","embeddable":true,"href":"https:\/\/audiohypnosis.online\/pt-br\/wp-json\/wp\/v2\/language?post=84671"},{"taxonomy":"product_cat","embeddable":true,"href":"https:\/\/audiohypnosis.online\/pt-br\/wp-json\/wp\/v2\/product_cat?post=84671"},{"taxonomy":"product_tag","embeddable":true,"href":"https:\/\/audiohypnosis.online\/pt-br\/wp-json\/wp\/v2\/product_tag?post=84671"}],"curies":[{"name":"wp","href":"https:\/\/api.w.org\/{rel}","templated":true}]}}