{"id":84582,"date":"2023-10-14T09:09:13","date_gmt":"2023-10-14T07:09:13","guid":{"rendered":"https:\/\/audiohypnosis.online\/product\/ranger-de-dentes\/"},"modified":"2024-01-11T08:12:50","modified_gmt":"2024-01-11T07:12:50","slug":"ranger-de-dentes","status":"publish","type":"product","link":"https:\/\/audiohypnosis.online\/pt-br\/produto\/ranger-de-dentes\/","title":{"rendered":"Ranger de dentes"},"content":{"rendered":"<p>Voc\u00ea est\u00e1 lutando contra o ranger de dentes?<br \/>\nNossas sess\u00f5es de hipnose em \u00e1udio se concentram em ajudar voc\u00ea a controlar esse h\u00e1bito.<br \/>\nVoc\u00ea ter\u00e1 acesso a 6 arquivos de \u00e1udio para download e a um manual de pr\u00e1ticas recomendadas.  <\/p>\n","protected":false},"excerpt":{"rendered":"<p>Voc\u00ea tem dificuldade para ranger os dentes?<\/p>\n","protected":false},"featured_media":84627,"comment_status":"closed","ping_status":"closed","template":"","meta":[],"language":[2636,2581],"product_cat":[2640],"product_tag":[2675,2679,2683,2660,2641],"class_list":{"0":"post-84582","1":"product","2":"type-product","3":"status-publish","4":"has-post-thumbnail","6":"language-frances","7":"language-holandes","8":"product_cat-saude-e-bem-estar","9":"product_tag-autocontrole","10":"product_tag-dentalcare-pt-br","11":"product_tag-dormir","12":"product_tag-estresse","13":"product_tag-saude","14":"pa_languages-frances","15":"pa_languages-holandes","16":"pa_languages-portugues-brasil","18":"entry","19":"has-media","21":"first","22":"instock","23":"purchasable","24":"product-type-variable","25":"has-product-nav","26":"col","27":"span_1_of_4","28":"owp-content-center","29":"owp-thumbs-layout-horizontal","30":"owp-btn-big","31":"owp-tabs-layout-vertical","32":"has-no-thumbnails"},"acf":[],"aioseo_notices":[],"_links":{"self":[{"href":"https:\/\/audiohypnosis.online\/pt-br\/wp-json\/wp\/v2\/product\/84582","targetHints":{"allow":["GET"]}}],"collection":[{"href":"https:\/\/audiohypnosis.online\/pt-br\/wp-json\/wp\/v2\/product"}],"about":[{"href":"https:\/\/audiohypnosis.online\/pt-br\/wp-json\/wp\/v2\/types\/product"}],"replies":[{"embeddable":true,"href":"https:\/\/audiohypnosis.online\/pt-br\/wp-json\/wp\/v2\/comments?post=84582"}],"version-history":[{"count":1,"href":"https:\/\/audiohypnosis.online\/pt-br\/wp-json\/wp\/v2\/product\/84582\/revisions"}],"predecessor-version":[{"id":84983,"href":"https:\/\/audiohypnosis.online\/pt-br\/wp-json\/wp\/v2\/product\/84582\/revisions\/84983"}],"wp:featuredmedia":[{"embeddable":true,"href":"https:\/\/audiohypnosis.online\/pt-br\/wp-json\/wp\/v2\/media\/84627"}],"wp:attachment":[{"href":"https:\/\/audiohypnosis.online\/pt-br\/wp-json\/wp\/v2\/media?parent=84582"}],"wp:term":[{"taxonomy":"language","embeddable":true,"href":"https:\/\/audiohypnosis.online\/pt-br\/wp-json\/wp\/v2\/language?post=84582"},{"taxonomy":"product_cat","embeddable":true,"href":"https:\/\/audiohypnosis.online\/pt-br\/wp-json\/wp\/v2\/product_cat?post=84582"},{"taxonomy":"product_tag","embeddable":true,"href":"https:\/\/audiohypnosis.online\/pt-br\/wp-json\/wp\/v2\/product_tag?post=84582"}],"curies":[{"name":"wp","href":"https:\/\/api.w.org\/{rel}","templated":true}]}}