{"id":84580,"date":"2023-10-14T09:09:13","date_gmt":"2023-10-14T07:09:13","guid":{"rendered":"https:\/\/audiohypnosis.online\/product\/produtividade\/"},"modified":"2024-01-11T08:12:50","modified_gmt":"2024-01-11T07:12:50","slug":"produtividade","status":"publish","type":"product","link":"https:\/\/audiohypnosis.online\/pt-br\/produto\/produtividade\/","title":{"rendered":"Produtividade"},"content":{"rendered":"<p>Voc\u00ea precisa de um aumento de produtividade?<br \/>\nNossos MP3s de hipnose em \u00e1udio podem ajudar voc\u00ea a se concentrar e ser mais eficiente em suas tarefas.<br \/>\nO pacote inclui 6 arquivos de \u00e1udio diferentes e um manual para orientar voc\u00ea em dire\u00e7\u00e3o a uma maior produtividade.  <\/p>\n","protected":false},"excerpt":{"rendered":"<p>Voc\u00ea precisa de um aumento de produtividade?<\/p>\n","protected":false},"featured_media":84620,"comment_status":"closed","ping_status":"closed","template":"","meta":[],"language":[2637,2639,2636,2581,2638,2780],"product_cat":[2651],"product_tag":[2652,2681,2670,2674,2678],"class_list":{"0":"post-84580","1":"product","2":"type-product","3":"status-publish","4":"has-post-thumbnail","6":"language-alemao","7":"language-espanhol","8":"language-frances","9":"language-holandes","10":"language-ingles","11":"language-servio","12":"product_cat-auto-aperfeicoamento","13":"product_tag-auto-aperfeicoamento","14":"product_tag-eficiencia","15":"product_tag-foco","16":"product_tag-produtividade","17":"product_tag-trabalho","18":"pa_languages-alemao","19":"pa_languages-espanhol","20":"pa_languages-frances","21":"pa_languages-holandes","22":"pa_languages-ingles","23":"pa_languages-portugues-brasil","24":"pa_languages-servio","25":"pa_languages-ucraniano","27":"entry","28":"has-media","30":"first","31":"instock","32":"sale","33":"purchasable","34":"product-type-variable","35":"has-product-nav","36":"col","37":"span_1_of_4","38":"owp-content-center","39":"owp-thumbs-layout-horizontal","40":"owp-btn-big","41":"owp-tabs-layout-vertical","42":"has-no-thumbnails"},"acf":[],"aioseo_notices":[],"_links":{"self":[{"href":"https:\/\/audiohypnosis.online\/pt-br\/wp-json\/wp\/v2\/product\/84580","targetHints":{"allow":["GET"]}}],"collection":[{"href":"https:\/\/audiohypnosis.online\/pt-br\/wp-json\/wp\/v2\/product"}],"about":[{"href":"https:\/\/audiohypnosis.online\/pt-br\/wp-json\/wp\/v2\/types\/product"}],"replies":[{"embeddable":true,"href":"https:\/\/audiohypnosis.online\/pt-br\/wp-json\/wp\/v2\/comments?post=84580"}],"version-history":[{"count":1,"href":"https:\/\/audiohypnosis.online\/pt-br\/wp-json\/wp\/v2\/product\/84580\/revisions"}],"predecessor-version":[{"id":84984,"href":"https:\/\/audiohypnosis.online\/pt-br\/wp-json\/wp\/v2\/product\/84580\/revisions\/84984"}],"wp:featuredmedia":[{"embeddable":true,"href":"https:\/\/audiohypnosis.online\/pt-br\/wp-json\/wp\/v2\/media\/84620"}],"wp:attachment":[{"href":"https:\/\/audiohypnosis.online\/pt-br\/wp-json\/wp\/v2\/media?parent=84580"}],"wp:term":[{"taxonomy":"language","embeddable":true,"href":"https:\/\/audiohypnosis.online\/pt-br\/wp-json\/wp\/v2\/language?post=84580"},{"taxonomy":"product_cat","embeddable":true,"href":"https:\/\/audiohypnosis.online\/pt-br\/wp-json\/wp\/v2\/product_cat?post=84580"},{"taxonomy":"product_tag","embeddable":true,"href":"https:\/\/audiohypnosis.online\/pt-br\/wp-json\/wp\/v2\/product_tag?post=84580"}],"curies":[{"name":"wp","href":"https:\/\/api.w.org\/{rel}","templated":true}]}}