{"id":84578,"date":"2023-10-14T09:09:13","date_gmt":"2023-10-14T07:09:13","guid":{"rendered":"https:\/\/audiohypnosis.online\/product\/pensando-demais\/"},"modified":"2024-01-11T08:12:47","modified_gmt":"2024-01-11T07:12:47","slug":"pensar-demais","status":"publish","type":"product","link":"https:\/\/audiohypnosis.online\/pt-br\/produto\/pensar-demais\/","title":{"rendered":"Pensando demais"},"content":{"rendered":"<p>Voc\u00ea est\u00e1 preso em um ciclo de pensamentos excessivos?<br \/>\nNossos MP3s de hipnose em \u00e1udio podem ajudar voc\u00ea a se libertar e se concentrar no que realmente importa.<br \/>\nO pacote inclui 6 arquivos de \u00e1udio e um manual para que voc\u00ea possa us\u00e1-lo com efic\u00e1cia.  <\/p>\n","protected":false},"excerpt":{"rendered":"<p>Voc\u00ea est\u00e1 preso em um ciclo de pensamentos excessivos?<\/p>\n","protected":false},"featured_media":84594,"comment_status":"closed","ping_status":"closed","template":"","meta":[],"language":[2636,2581],"product_cat":[2665],"product_tag":[2662,2643,2653,2660,2666],"class_list":{"0":"post-84578","1":"product","2":"type-product","3":"status-publish","4":"has-post-thumbnail","6":"language-frances","7":"language-holandes","8":"product_cat-bem-estar-emocional","9":"product_tag-ansiedade","10":"product_tag-autocuidado-pt-br","11":"product_tag-bem-estar-emocional","12":"product_tag-estresse","13":"product_tag-pensando-demais","14":"pa_languages-alemao","15":"pa_languages-frances","16":"pa_languages-holandes","18":"entry","19":"has-media","21":"first","22":"instock","23":"purchasable","24":"product-type-variable","25":"has-product-nav","26":"col","27":"span_1_of_4","28":"owp-content-center","29":"owp-thumbs-layout-horizontal","30":"owp-btn-big","31":"owp-tabs-layout-vertical","32":"has-no-thumbnails"},"acf":[],"aioseo_notices":[],"_links":{"self":[{"href":"https:\/\/audiohypnosis.online\/pt-br\/wp-json\/wp\/v2\/product\/84578","targetHints":{"allow":["GET"]}}],"collection":[{"href":"https:\/\/audiohypnosis.online\/pt-br\/wp-json\/wp\/v2\/product"}],"about":[{"href":"https:\/\/audiohypnosis.online\/pt-br\/wp-json\/wp\/v2\/types\/product"}],"replies":[{"embeddable":true,"href":"https:\/\/audiohypnosis.online\/pt-br\/wp-json\/wp\/v2\/comments?post=84578"}],"version-history":[{"count":1,"href":"https:\/\/audiohypnosis.online\/pt-br\/wp-json\/wp\/v2\/product\/84578\/revisions"}],"predecessor-version":[{"id":84958,"href":"https:\/\/audiohypnosis.online\/pt-br\/wp-json\/wp\/v2\/product\/84578\/revisions\/84958"}],"wp:featuredmedia":[{"embeddable":true,"href":"https:\/\/audiohypnosis.online\/pt-br\/wp-json\/wp\/v2\/media\/84594"}],"wp:attachment":[{"href":"https:\/\/audiohypnosis.online\/pt-br\/wp-json\/wp\/v2\/media?parent=84578"}],"wp:term":[{"taxonomy":"language","embeddable":true,"href":"https:\/\/audiohypnosis.online\/pt-br\/wp-json\/wp\/v2\/language?post=84578"},{"taxonomy":"product_cat","embeddable":true,"href":"https:\/\/audiohypnosis.online\/pt-br\/wp-json\/wp\/v2\/product_cat?post=84578"},{"taxonomy":"product_tag","embeddable":true,"href":"https:\/\/audiohypnosis.online\/pt-br\/wp-json\/wp\/v2\/product_tag?post=84578"}],"curies":[{"name":"wp","href":"https:\/\/api.w.org\/{rel}","templated":true}]}}