{"id":84576,"date":"2023-10-14T09:09:13","date_gmt":"2023-10-14T07:09:13","guid":{"rendered":"https:\/\/audiohypnosis.online\/product\/ataques-de-panico\/"},"modified":"2024-01-11T08:12:51","modified_gmt":"2024-01-11T07:12:51","slug":"ataques-de-panico","status":"publish","type":"product","link":"https:\/\/audiohypnosis.online\/pt-br\/produto\/ataques-de-panico\/","title":{"rendered":"Ataques de p\u00e2nico"},"content":{"rendered":"<p>Voc\u00ea est\u00e1 sofrendo ataques de p\u00e2nico?<br \/>\nNossas sess\u00f5es de hipnose em \u00e1udio concentram-se no al\u00edvio do estresse e no bem-estar emocional.<br \/>\nVoc\u00ea ter\u00e1 acesso a 6 arquivos de \u00e1udio para download e a um manual para orient\u00e1-lo em dire\u00e7\u00e3o a uma vida mais calma.  <\/p>\n","protected":false},"excerpt":{"rendered":"<p>Voc\u00ea sofre de ataques de p\u00e2nico?<\/p>\n","protected":false},"featured_media":84595,"comment_status":"closed","ping_status":"closed","template":"","meta":[],"language":[2636,2581],"product_cat":[2646],"product_tag":[2664,2662,2653,2660,2668],"class_list":{"0":"post-84576","1":"product","2":"type-product","3":"status-publish","4":"has-post-thumbnail","6":"language-frances","7":"language-holandes","8":"product_cat-medos-e-fobias","9":"product_tag-alivio-pt-br","10":"product_tag-ansiedade","11":"product_tag-bem-estar-emocional","12":"product_tag-estresse","13":"product_tag-panico","14":"pa_languages-frances","15":"pa_languages-holandes","17":"entry","18":"has-media","20":"first","21":"instock","22":"purchasable","23":"product-type-variable","24":"has-product-nav","25":"col","26":"span_1_of_4","27":"owp-content-center","28":"owp-thumbs-layout-horizontal","29":"owp-btn-big","30":"owp-tabs-layout-vertical","31":"has-no-thumbnails"},"acf":[],"aioseo_notices":[],"_links":{"self":[{"href":"https:\/\/audiohypnosis.online\/pt-br\/wp-json\/wp\/v2\/product\/84576","targetHints":{"allow":["GET"]}}],"collection":[{"href":"https:\/\/audiohypnosis.online\/pt-br\/wp-json\/wp\/v2\/product"}],"about":[{"href":"https:\/\/audiohypnosis.online\/pt-br\/wp-json\/wp\/v2\/types\/product"}],"replies":[{"embeddable":true,"href":"https:\/\/audiohypnosis.online\/pt-br\/wp-json\/wp\/v2\/comments?post=84576"}],"version-history":[{"count":1,"href":"https:\/\/audiohypnosis.online\/pt-br\/wp-json\/wp\/v2\/product\/84576\/revisions"}],"predecessor-version":[{"id":84986,"href":"https:\/\/audiohypnosis.online\/pt-br\/wp-json\/wp\/v2\/product\/84576\/revisions\/84986"}],"wp:featuredmedia":[{"embeddable":true,"href":"https:\/\/audiohypnosis.online\/pt-br\/wp-json\/wp\/v2\/media\/84595"}],"wp:attachment":[{"href":"https:\/\/audiohypnosis.online\/pt-br\/wp-json\/wp\/v2\/media?parent=84576"}],"wp:term":[{"taxonomy":"language","embeddable":true,"href":"https:\/\/audiohypnosis.online\/pt-br\/wp-json\/wp\/v2\/language?post=84576"},{"taxonomy":"product_cat","embeddable":true,"href":"https:\/\/audiohypnosis.online\/pt-br\/wp-json\/wp\/v2\/product_cat?post=84576"},{"taxonomy":"product_tag","embeddable":true,"href":"https:\/\/audiohypnosis.online\/pt-br\/wp-json\/wp\/v2\/product_tag?post=84576"}],"curies":[{"name":"wp","href":"https:\/\/api.w.org\/{rel}","templated":true}]}}