{"id":84575,"date":"2023-10-14T09:09:13","date_gmt":"2023-10-14T07:09:13","guid":{"rendered":"https:\/\/audiohypnosis.online\/product\/periodos-dolorosos\/"},"modified":"2024-01-11T08:12:49","modified_gmt":"2024-01-11T07:12:49","slug":"periodos-dolorosos","status":"publish","type":"product","link":"https:\/\/audiohypnosis.online\/pt-br\/produto\/periodos-dolorosos\/","title":{"rendered":"Per\u00edodos dolorosos"},"content":{"rendered":"<p>Voc\u00ea est\u00e1 sofrendo com dores menstruais?<br \/>\nNossos MP3s de hipnose em \u00e1udio se concentram no controle e al\u00edvio da dor durante a menstrua\u00e7\u00e3o.<br \/>\nO pacote inclui 6 arquivos de \u00e1udio e um manual para uso eficaz.  <\/p>\n","protected":false},"excerpt":{"rendered":"<p>Voc\u00ea precisa de al\u00edvio para as dores menstruais?<\/p>\n","protected":false},"featured_media":84587,"comment_status":"closed","ping_status":"closed","template":"","meta":[],"language":[2637,2639,2636,2581,2638,3060,2780],"product_cat":[2640],"product_tag":[2657,2659,2661,2663,2654],"class_list":{"0":"post-84575","1":"product","2":"type-product","3":"status-publish","4":"has-post-thumbnail","6":"language-alemao","7":"language-espanhol","8":"language-frances","9":"language-holandes","10":"language-ingles","11":"language-it-pt-br","12":"language-servio","13":"product_cat-saude-e-bem-estar","14":"product_tag-miesiaczka-pt-br","15":"product_tag-smutek-pt-br","16":"product_tag-ulga-pt-br","17":"product_tag-voce-esta-pronto-para-a-proxima-etapa","18":"product_tag-zdrowie-pt-br","19":"pa_languages-alemao","20":"pa_languages-espanhol","21":"pa_languages-frances","22":"pa_languages-holandes","23":"pa_languages-hungaro","24":"pa_languages-ingles","25":"pa_languages-italiano-pt-br","26":"pa_languages-servio","27":"pa_languages-ucraniano","29":"entry","30":"has-media","32":"first","33":"instock","34":"purchasable","35":"product-type-variable","36":"has-product-nav","37":"col","38":"span_1_of_4","39":"owp-content-center","40":"owp-thumbs-layout-horizontal","41":"owp-btn-big","42":"owp-tabs-layout-vertical","43":"has-no-thumbnails"},"acf":[],"aioseo_notices":[],"_links":{"self":[{"href":"https:\/\/audiohypnosis.online\/pt-br\/wp-json\/wp\/v2\/product\/84575","targetHints":{"allow":["GET"]}}],"collection":[{"href":"https:\/\/audiohypnosis.online\/pt-br\/wp-json\/wp\/v2\/product"}],"about":[{"href":"https:\/\/audiohypnosis.online\/pt-br\/wp-json\/wp\/v2\/types\/product"}],"replies":[{"embeddable":true,"href":"https:\/\/audiohypnosis.online\/pt-br\/wp-json\/wp\/v2\/comments?post=84575"}],"version-history":[{"count":1,"href":"https:\/\/audiohypnosis.online\/pt-br\/wp-json\/wp\/v2\/product\/84575\/revisions"}],"predecessor-version":[{"id":84976,"href":"https:\/\/audiohypnosis.online\/pt-br\/wp-json\/wp\/v2\/product\/84575\/revisions\/84976"}],"wp:featuredmedia":[{"embeddable":true,"href":"https:\/\/audiohypnosis.online\/pt-br\/wp-json\/wp\/v2\/media\/84587"}],"wp:attachment":[{"href":"https:\/\/audiohypnosis.online\/pt-br\/wp-json\/wp\/v2\/media?parent=84575"}],"wp:term":[{"taxonomy":"language","embeddable":true,"href":"https:\/\/audiohypnosis.online\/pt-br\/wp-json\/wp\/v2\/language?post=84575"},{"taxonomy":"product_cat","embeddable":true,"href":"https:\/\/audiohypnosis.online\/pt-br\/wp-json\/wp\/v2\/product_cat?post=84575"},{"taxonomy":"product_tag","embeddable":true,"href":"https:\/\/audiohypnosis.online\/pt-br\/wp-json\/wp\/v2\/product_tag?post=84575"}],"curies":[{"name":"wp","href":"https:\/\/api.w.org\/{rel}","templated":true}]}}