{"id":84574,"date":"2023-10-14T09:09:13","date_gmt":"2023-10-14T07:09:13","guid":{"rendered":"https:\/\/audiohypnosis.online\/product\/autoimagem-positiva\/"},"modified":"2023-10-14T09:09:13","modified_gmt":"2023-10-14T07:09:13","slug":"autoimagem-positiva","status":"publish","type":"product","link":"https:\/\/audiohypnosis.online\/pt-br\/produto\/autoimagem-positiva\/","title":{"rendered":"Autoimagem positiva"},"content":{"rendered":"<p>Voc\u00ea quer melhorar sua autoimagem? Nossas sess\u00f5es de hipnose em \u00e1udio oferecem um caminho para que voc\u00ea tenha mais amor-pr\u00f3prio e confian\u00e7a. Voc\u00ea ter\u00e1 acesso a 6 arquivos de \u00e1udio para download e a um manual de pr\u00e1ticas recomendadas.<\/p>\n","protected":false},"excerpt":{"rendered":"<p>Voc\u00ea quer melhorar sua autoimagem?<\/p>\n","protected":false},"featured_media":84581,"comment_status":"closed","ping_status":"closed","template":"","meta":[],"language":[2636,2581],"product_cat":[2651],"product_tag":[2652,2656,2653,2655,2658],"class_list":{"0":"post-84574","1":"product","2":"type-product","3":"status-publish","4":"has-post-thumbnail","6":"language-frances","7":"language-holandes","8":"product_cat-auto-aperfeicoamento","9":"product_tag-auto-aperfeicoamento","10":"product_tag-autoestima-pt-br","11":"product_tag-bem-estar-emocional","12":"product_tag-confianca","13":"product_tag-positividade","14":"pa_languages-frances","15":"pa_languages-holandes","16":"pa_languages-portugues-brasil","18":"entry","19":"has-media","21":"first","22":"instock","23":"purchasable","24":"product-type-variable","25":"has-product-nav","26":"col","27":"span_1_of_4","28":"owp-content-center","29":"owp-thumbs-layout-horizontal","30":"owp-btn-big","31":"owp-tabs-layout-vertical","32":"has-no-thumbnails"},"acf":[],"aioseo_notices":[],"_links":{"self":[{"href":"https:\/\/audiohypnosis.online\/pt-br\/wp-json\/wp\/v2\/product\/84574","targetHints":{"allow":["GET"]}}],"collection":[{"href":"https:\/\/audiohypnosis.online\/pt-br\/wp-json\/wp\/v2\/product"}],"about":[{"href":"https:\/\/audiohypnosis.online\/pt-br\/wp-json\/wp\/v2\/types\/product"}],"replies":[{"embeddable":true,"href":"https:\/\/audiohypnosis.online\/pt-br\/wp-json\/wp\/v2\/comments?post=84574"}],"version-history":[{"count":0,"href":"https:\/\/audiohypnosis.online\/pt-br\/wp-json\/wp\/v2\/product\/84574\/revisions"}],"wp:featuredmedia":[{"embeddable":true,"href":"https:\/\/audiohypnosis.online\/pt-br\/wp-json\/wp\/v2\/media\/84581"}],"wp:attachment":[{"href":"https:\/\/audiohypnosis.online\/pt-br\/wp-json\/wp\/v2\/media?parent=84574"}],"wp:term":[{"taxonomy":"language","embeddable":true,"href":"https:\/\/audiohypnosis.online\/pt-br\/wp-json\/wp\/v2\/language?post=84574"},{"taxonomy":"product_cat","embeddable":true,"href":"https:\/\/audiohypnosis.online\/pt-br\/wp-json\/wp\/v2\/product_cat?post=84574"},{"taxonomy":"product_tag","embeddable":true,"href":"https:\/\/audiohypnosis.online\/pt-br\/wp-json\/wp\/v2\/product_tag?post=84574"}],"curies":[{"name":"wp","href":"https:\/\/api.w.org\/{rel}","templated":true}]}}