{"id":83207,"date":"2023-10-30T13:36:04","date_gmt":"2023-10-30T12:36:04","guid":{"rendered":"https:\/\/audiohypnosis.online\/product\/reforco-do-sistema-imunologico\/"},"modified":"2024-01-11T08:09:00","modified_gmt":"2024-01-11T07:09:00","slug":"reforco-do-sistema-imunologico-2","status":"publish","type":"product","link":"https:\/\/audiohypnosis.online\/pt-br\/produto\/reforco-do-sistema-imunologico-2\/","title":{"rendered":"Refor\u00e7o do sistema imunol\u00f3gico"},"content":{"rendered":"<p>Voc\u00ea quer fortalecer seu sistema imunol\u00f3gico?<br \/>\nNossos MP3s de hipnose em \u00e1udio podem orientar voc\u00ea para um estilo de vida mais saud\u00e1vel.<br \/>\nVoc\u00ea ter\u00e1 acesso a 6 arquivos de \u00e1udio para download e a um manual de pr\u00e1ticas recomendadas.  <\/p>\n","protected":false},"excerpt":{"rendered":"<p>Voc\u00ea quer estimular seu sistema imunol\u00f3gico?<\/p>\n","protected":false},"featured_media":83208,"comment_status":"closed","ping_status":"closed","template":"","meta":[],"language":[2637,2639,2636,2581,2638,3060,2780],"product_cat":[2640],"product_tag":[2643,2642,2645,2641,2644],"class_list":{"0":"post-83207","1":"product","2":"type-product","3":"status-publish","4":"has-post-thumbnail","6":"language-alemao","7":"language-espanhol","8":"language-frances","9":"language-holandes","10":"language-ingles","11":"language-it-pt-br","12":"language-servio","13":"product_cat-saude-e-bem-estar","14":"product_tag-autocuidado-pt-br","15":"product_tag-bem-estar","16":"product_tag-impulsionar","17":"product_tag-saude","18":"product_tag-sistema-imunologico","19":"pa_languages-alemao","20":"pa_languages-espanhol","21":"pa_languages-frances","22":"pa_languages-holandes","23":"pa_languages-hungaro","24":"pa_languages-ingles","25":"pa_languages-italiano-pt-br","26":"pa_languages-polones","27":"pa_languages-portugues-brasil","28":"pa_languages-servio","29":"pa_languages-ucraniano","31":"entry","32":"has-media","34":"first","35":"instock","36":"shipping-taxable","37":"purchasable","38":"product-type-variable","39":"has-product-nav","40":"col","41":"span_1_of_4","42":"owp-content-center","43":"owp-thumbs-layout-horizontal","44":"owp-btn-big","45":"owp-tabs-layout-vertical","46":"has-no-thumbnails"},"acf":[],"aioseo_notices":[],"_links":{"self":[{"href":"https:\/\/audiohypnosis.online\/pt-br\/wp-json\/wp\/v2\/product\/83207","targetHints":{"allow":["GET"]}}],"collection":[{"href":"https:\/\/audiohypnosis.online\/pt-br\/wp-json\/wp\/v2\/product"}],"about":[{"href":"https:\/\/audiohypnosis.online\/pt-br\/wp-json\/wp\/v2\/types\/product"}],"replies":[{"embeddable":true,"href":"https:\/\/audiohypnosis.online\/pt-br\/wp-json\/wp\/v2\/comments?post=83207"}],"version-history":[{"count":1,"href":"https:\/\/audiohypnosis.online\/pt-br\/wp-json\/wp\/v2\/product\/83207\/revisions"}],"predecessor-version":[{"id":83443,"href":"https:\/\/audiohypnosis.online\/pt-br\/wp-json\/wp\/v2\/product\/83207\/revisions\/83443"}],"wp:featuredmedia":[{"embeddable":true,"href":"https:\/\/audiohypnosis.online\/pt-br\/wp-json\/wp\/v2\/media\/83208"}],"wp:attachment":[{"href":"https:\/\/audiohypnosis.online\/pt-br\/wp-json\/wp\/v2\/media?parent=83207"}],"wp:term":[{"taxonomy":"language","embeddable":true,"href":"https:\/\/audiohypnosis.online\/pt-br\/wp-json\/wp\/v2\/language?post=83207"},{"taxonomy":"product_cat","embeddable":true,"href":"https:\/\/audiohypnosis.online\/pt-br\/wp-json\/wp\/v2\/product_cat?post=83207"},{"taxonomy":"product_tag","embeddable":true,"href":"https:\/\/audiohypnosis.online\/pt-br\/wp-json\/wp\/v2\/product_tag?post=83207"}],"curies":[{"name":"wp","href":"https:\/\/api.w.org\/{rel}","templated":true}]}}