{"id":30520,"date":"2023-10-14T09:09:13","date_gmt":"2023-10-14T07:09:13","guid":{"rendered":"http:\/\/audiohypnosis.online\/product\/yips-golfe-putting\/"},"modified":"2023-12-24T08:38:22","modified_gmt":"2023-12-24T07:38:22","slug":"colocacao-de-yips","status":"publish","type":"product","link":"https:\/\/audiohypnosis.online\/pt-br\/produto\/colocacao-de-yips\/","title":{"rendered":"Yips (Golfe Putting)"},"content":{"rendered":"<p>Voc\u00ea est\u00e1 tendo dificuldades com os yips ao jogar golfe? Nossas sess\u00f5es de hipnose em \u00e1udio podem ajudar voc\u00ea a recuperar o foco e a habilidade. Voc\u00ea ter\u00e1 acesso a 6 arquivos de \u00e1udio para download e a um manual de pr\u00e1ticas recomendadas.<\/p>\n","protected":false},"excerpt":{"rendered":"<p>Voc\u00ea est\u00e1 tendo dificuldades com os yips no putting?<\/p>\n","protected":false},"featured_media":150677,"comment_status":"closed","ping_status":"closed","template":"","meta":[],"language":[2581],"product_cat":[2582],"product_tag":[2587,2584,2585,2586,2583],"class_list":{"0":"post-30520","1":"product","2":"type-product","3":"status-publish","4":"has-post-thumbnail","6":"language-holandes","7":"product_cat-esportes-e-jogos","8":"product_tag-colocando","9":"product_tag-esportes","10":"product_tag-golfe","11":"product_tag-habilidade","12":"product_tag-ocio-pt-br","13":"pa_languages-holandes","15":"entry","16":"has-media","18":"first","19":"instock","20":"purchasable","21":"product-type-variable","22":"has-product-nav","23":"col","24":"span_1_of_4","25":"owp-content-center","26":"owp-thumbs-layout-horizontal","27":"owp-btn-big","28":"owp-tabs-layout-vertical","29":"has-no-thumbnails"},"acf":[],"aioseo_notices":[],"_links":{"self":[{"href":"https:\/\/audiohypnosis.online\/pt-br\/wp-json\/wp\/v2\/product\/30520","targetHints":{"allow":["GET"]}}],"collection":[{"href":"https:\/\/audiohypnosis.online\/pt-br\/wp-json\/wp\/v2\/product"}],"about":[{"href":"https:\/\/audiohypnosis.online\/pt-br\/wp-json\/wp\/v2\/types\/product"}],"replies":[{"embeddable":true,"href":"https:\/\/audiohypnosis.online\/pt-br\/wp-json\/wp\/v2\/comments?post=30520"}],"version-history":[{"count":0,"href":"https:\/\/audiohypnosis.online\/pt-br\/wp-json\/wp\/v2\/product\/30520\/revisions"}],"wp:featuredmedia":[{"embeddable":true,"href":"https:\/\/audiohypnosis.online\/pt-br\/wp-json\/wp\/v2\/media\/150677"}],"wp:attachment":[{"href":"https:\/\/audiohypnosis.online\/pt-br\/wp-json\/wp\/v2\/media?parent=30520"}],"wp:term":[{"taxonomy":"language","embeddable":true,"href":"https:\/\/audiohypnosis.online\/pt-br\/wp-json\/wp\/v2\/language?post=30520"},{"taxonomy":"product_cat","embeddable":true,"href":"https:\/\/audiohypnosis.online\/pt-br\/wp-json\/wp\/v2\/product_cat?post=30520"},{"taxonomy":"product_tag","embeddable":true,"href":"https:\/\/audiohypnosis.online\/pt-br\/wp-json\/wp\/v2\/product_tag?post=30520"}],"curies":[{"name":"wp","href":"https:\/\/api.w.org\/{rel}","templated":true}]}}