{"id":172586,"date":"2025-03-14T17:02:22","date_gmt":"2025-03-14T16:02:22","guid":{"rendered":"https:\/\/audiohypnosis.online\/?post_type=product&#038;p=172586"},"modified":"2025-03-14T17:19:51","modified_gmt":"2025-03-14T16:19:51","slug":"parar-de-fumar","status":"publish","type":"product","link":"https:\/\/audiohypnosis.online\/pt-br\/produto\/parar-de-fumar\/","title":{"rendered":"Parar de Fumar"},"content":{"rendered":"<p>Quer parar de fumar? Nossos MP3s de hipnose \u00e1udio podem te guiar para uma vida sem fuma\u00e7a. Voc\u00ea ter\u00e1 acesso a 6 arquivos de \u00e1udio para download e um guia com a abordagem mais eficaz.<\/p>\n","protected":false},"excerpt":{"rendered":"<p>Voc\u00ea quer parar de fumar?<\/p>\n","protected":false},"featured_media":151892,"comment_status":"closed","ping_status":"closed","template":"","meta":[],"language":[2636,2581,2638,3060],"product_cat":[2894],"product_tag":[],"class_list":{"0":"post-172586","1":"product","2":"type-product","3":"status-publish","4":"has-post-thumbnail","6":"language-frances","7":"language-holandes","8":"language-ingles","9":"language-it-pt-br","10":"product_cat-vicios","11":"pa_languages-frances","12":"pa_languages-holandes","13":"pa_languages-ingles","14":"pa_languages-italiano-pt-br","15":"pa_languages-portugues-brasil","17":"entry","18":"has-media","20":"first","21":"instock","22":"shipping-taxable","23":"purchasable","24":"product-type-variable","25":"has-product-nav","26":"col","27":"span_1_of_4","28":"owp-content-center","29":"owp-thumbs-layout-horizontal","30":"owp-btn-big","31":"owp-tabs-layout-vertical","32":"has-no-thumbnails"},"acf":[],"aioseo_notices":[],"_links":{"self":[{"href":"https:\/\/audiohypnosis.online\/pt-br\/wp-json\/wp\/v2\/product\/172586","targetHints":{"allow":["GET"]}}],"collection":[{"href":"https:\/\/audiohypnosis.online\/pt-br\/wp-json\/wp\/v2\/product"}],"about":[{"href":"https:\/\/audiohypnosis.online\/pt-br\/wp-json\/wp\/v2\/types\/product"}],"replies":[{"embeddable":true,"href":"https:\/\/audiohypnosis.online\/pt-br\/wp-json\/wp\/v2\/comments?post=172586"}],"version-history":[{"count":2,"href":"https:\/\/audiohypnosis.online\/pt-br\/wp-json\/wp\/v2\/product\/172586\/revisions"}],"predecessor-version":[{"id":172593,"href":"https:\/\/audiohypnosis.online\/pt-br\/wp-json\/wp\/v2\/product\/172586\/revisions\/172593"}],"wp:featuredmedia":[{"embeddable":true,"href":"https:\/\/audiohypnosis.online\/pt-br\/wp-json\/wp\/v2\/media\/151892"}],"wp:attachment":[{"href":"https:\/\/audiohypnosis.online\/pt-br\/wp-json\/wp\/v2\/media?parent=172586"}],"wp:term":[{"taxonomy":"language","embeddable":true,"href":"https:\/\/audiohypnosis.online\/pt-br\/wp-json\/wp\/v2\/language?post=172586"},{"taxonomy":"product_cat","embeddable":true,"href":"https:\/\/audiohypnosis.online\/pt-br\/wp-json\/wp\/v2\/product_cat?post=172586"},{"taxonomy":"product_tag","embeddable":true,"href":"https:\/\/audiohypnosis.online\/pt-br\/wp-json\/wp\/v2\/product_tag?post=172586"}],"curies":[{"name":"wp","href":"https:\/\/api.w.org\/{rel}","templated":true}]}}