{"id":171593,"date":"2024-04-04T16:40:23","date_gmt":"2024-04-04T14:40:23","guid":{"rendered":"https:\/\/audiohypnosis.online\/?post_type=product&#038;p=171593"},"modified":"2024-06-05T12:09:18","modified_gmt":"2024-06-05T10:09:18","slug":"reduza-as-drogas","status":"publish","type":"product","link":"https:\/\/audiohypnosis.online\/pt-br\/produto\/reduza-as-drogas\/","title":{"rendered":"Reduza as Drogas"},"content":{"rendered":"<p>Comece sua jornada para um estilo de vida mais saud\u00e1vel com nossos MP3s de Hipnose \u00c1udio. Voc\u00ea receber\u00e1 seis faixas de \u00e1udio e um manual detalhado para utiliza\u00e7\u00e3o eficaz.<\/p>\n","protected":false},"excerpt":{"rendered":"<p>Assuma o controle de suas escolhas e encare cada dia com determina\u00e7\u00e3o e energia renovadas para criar mudan\u00e7as positivas.<\/p>\n","protected":false},"featured_media":168897,"comment_status":"closed","ping_status":"closed","template":"","meta":[],"language":[2637],"product_cat":[2894],"product_tag":[2667,2689],"class_list":{"0":"post-171593","1":"product","2":"type-product","3":"status-publish","4":"has-post-thumbnail","6":"language-alemao","7":"product_cat-vicios","8":"product_tag-cura-pt-br","9":"product_tag-mentalidade","10":"pa_languages-alemao","12":"entry","13":"has-media","15":"first","16":"instock","17":"shipping-taxable","18":"purchasable","19":"product-type-variable","20":"has-product-nav","21":"col","22":"span_1_of_4","23":"owp-content-center","24":"owp-thumbs-layout-horizontal","25":"owp-btn-big","26":"owp-tabs-layout-vertical","27":"has-no-thumbnails"},"acf":[],"aioseo_notices":[],"_links":{"self":[{"href":"https:\/\/audiohypnosis.online\/pt-br\/wp-json\/wp\/v2\/product\/171593","targetHints":{"allow":["GET"]}}],"collection":[{"href":"https:\/\/audiohypnosis.online\/pt-br\/wp-json\/wp\/v2\/product"}],"about":[{"href":"https:\/\/audiohypnosis.online\/pt-br\/wp-json\/wp\/v2\/types\/product"}],"replies":[{"embeddable":true,"href":"https:\/\/audiohypnosis.online\/pt-br\/wp-json\/wp\/v2\/comments?post=171593"}],"version-history":[{"count":1,"href":"https:\/\/audiohypnosis.online\/pt-br\/wp-json\/wp\/v2\/product\/171593\/revisions"}],"predecessor-version":[{"id":171595,"href":"https:\/\/audiohypnosis.online\/pt-br\/wp-json\/wp\/v2\/product\/171593\/revisions\/171595"}],"wp:featuredmedia":[{"embeddable":true,"href":"https:\/\/audiohypnosis.online\/pt-br\/wp-json\/wp\/v2\/media\/168897"}],"wp:attachment":[{"href":"https:\/\/audiohypnosis.online\/pt-br\/wp-json\/wp\/v2\/media?parent=171593"}],"wp:term":[{"taxonomy":"language","embeddable":true,"href":"https:\/\/audiohypnosis.online\/pt-br\/wp-json\/wp\/v2\/language?post=171593"},{"taxonomy":"product_cat","embeddable":true,"href":"https:\/\/audiohypnosis.online\/pt-br\/wp-json\/wp\/v2\/product_cat?post=171593"},{"taxonomy":"product_tag","embeddable":true,"href":"https:\/\/audiohypnosis.online\/pt-br\/wp-json\/wp\/v2\/product_tag?post=171593"}],"curies":[{"name":"wp","href":"https:\/\/api.w.org\/{rel}","templated":true}]}}