{"id":171548,"date":"2024-04-04T17:33:14","date_gmt":"2024-04-04T15:33:14","guid":{"rendered":"https:\/\/audiohypnosis.online\/?post_type=product&#038;p=171548"},"modified":"2024-05-30T12:55:08","modified_gmt":"2024-05-30T10:55:08","slug":"gerencie-o-estresse-relacionado-ao-trabalho","status":"publish","type":"product","link":"https:\/\/audiohypnosis.online\/pt-br\/produto\/gerencie-o-estresse-relacionado-ao-trabalho\/","title":{"rendered":"Gerencie o Estresse Relacionado ao Trabalho"},"content":{"rendered":"<p>Mergulhe em nossos MP3s de hipnose auditiva, feitos sob medida para ajudar a gerenciar o estresse no trabalho. Este pacote inclui seis \u00e1udios em MP3 e um manual para aplica\u00e7\u00e3o pr\u00e1tica.<\/p>\n","protected":false},"excerpt":{"rendered":"<p>Enfrente cada dia de trabalho com determina\u00e7\u00e3o e energia renovadas.<\/p>\n","protected":false},"featured_media":168869,"comment_status":"closed","ping_status":"closed","template":"","meta":[],"language":[2637],"product_cat":[2665],"product_tag":[2689],"class_list":{"0":"post-171548","1":"product","2":"type-product","3":"status-publish","4":"has-post-thumbnail","6":"language-alemao","7":"product_cat-bem-estar-emocional","8":"product_tag-mentalidade","9":"pa_languages-alemao","11":"entry","12":"has-media","14":"first","15":"instock","16":"shipping-taxable","17":"purchasable","18":"product-type-variable","19":"has-product-nav","20":"col","21":"span_1_of_4","22":"owp-content-center","23":"owp-thumbs-layout-horizontal","24":"owp-btn-big","25":"owp-tabs-layout-vertical","26":"has-no-thumbnails"},"acf":[],"aioseo_notices":[],"_links":{"self":[{"href":"https:\/\/audiohypnosis.online\/pt-br\/wp-json\/wp\/v2\/product\/171548","targetHints":{"allow":["GET"]}}],"collection":[{"href":"https:\/\/audiohypnosis.online\/pt-br\/wp-json\/wp\/v2\/product"}],"about":[{"href":"https:\/\/audiohypnosis.online\/pt-br\/wp-json\/wp\/v2\/types\/product"}],"replies":[{"embeddable":true,"href":"https:\/\/audiohypnosis.online\/pt-br\/wp-json\/wp\/v2\/comments?post=171548"}],"version-history":[{"count":1,"href":"https:\/\/audiohypnosis.online\/pt-br\/wp-json\/wp\/v2\/product\/171548\/revisions"}],"predecessor-version":[{"id":171550,"href":"https:\/\/audiohypnosis.online\/pt-br\/wp-json\/wp\/v2\/product\/171548\/revisions\/171550"}],"wp:featuredmedia":[{"embeddable":true,"href":"https:\/\/audiohypnosis.online\/pt-br\/wp-json\/wp\/v2\/media\/168869"}],"wp:attachment":[{"href":"https:\/\/audiohypnosis.online\/pt-br\/wp-json\/wp\/v2\/media?parent=171548"}],"wp:term":[{"taxonomy":"language","embeddable":true,"href":"https:\/\/audiohypnosis.online\/pt-br\/wp-json\/wp\/v2\/language?post=171548"},{"taxonomy":"product_cat","embeddable":true,"href":"https:\/\/audiohypnosis.online\/pt-br\/wp-json\/wp\/v2\/product_cat?post=171548"},{"taxonomy":"product_tag","embeddable":true,"href":"https:\/\/audiohypnosis.online\/pt-br\/wp-json\/wp\/v2\/product_tag?post=171548"}],"curies":[{"name":"wp","href":"https:\/\/api.w.org\/{rel}","templated":true}]}}