{"id":171433,"date":"2024-04-04T12:12:02","date_gmt":"2024-04-04T10:12:02","guid":{"rendered":"https:\/\/audiohypnosis.online\/?post_type=product&#038;p=171433"},"modified":"2024-05-18T10:28:52","modified_gmt":"2024-05-18T08:28:52","slug":"torne-se-um-empreendedor-de-sucesso","status":"publish","type":"product","link":"https:\/\/audiohypnosis.online\/pt-br\/produto\/torne-se-um-empreendedor-de-sucesso\/","title":{"rendered":"Torne-se um empreendedor de sucesso"},"content":{"rendered":"<p>Descubra nossos MP3s de hipnose em \u00e1udio, criados para desbloquear a mentalidade empreendedora. Inicie sua jornada rumo ao sucesso com nossas faixas de \u00e1udio e manual para uso pr\u00e1tico.<\/p>\n","protected":false},"excerpt":{"rendered":"<p>Assuma o controle de suas ambi\u00e7\u00f5es e enfrente cada dia com o vigor e o foco necess\u00e1rios para triunfar no mundo dos neg\u00f3cios.<\/p>\n","protected":false},"featured_media":168853,"comment_status":"closed","ping_status":"closed","template":"","meta":[],"language":[2637],"product_cat":[2651],"product_tag":[2689,2699],"class_list":{"0":"post-171433","1":"product","2":"type-product","3":"status-publish","4":"has-post-thumbnail","6":"language-alemao","7":"product_cat-auto-aperfeicoamento","8":"product_tag-mentalidade","9":"product_tag-motivacao","10":"pa_languages-alemao","12":"entry","13":"has-media","15":"first","16":"instock","17":"shipping-taxable","18":"purchasable","19":"product-type-variable","20":"has-product-nav","21":"col","22":"span_1_of_4","23":"owp-content-center","24":"owp-thumbs-layout-horizontal","25":"owp-btn-big","26":"owp-tabs-layout-vertical","27":"has-no-thumbnails"},"acf":[],"aioseo_notices":[],"_links":{"self":[{"href":"https:\/\/audiohypnosis.online\/pt-br\/wp-json\/wp\/v2\/product\/171433","targetHints":{"allow":["GET"]}}],"collection":[{"href":"https:\/\/audiohypnosis.online\/pt-br\/wp-json\/wp\/v2\/product"}],"about":[{"href":"https:\/\/audiohypnosis.online\/pt-br\/wp-json\/wp\/v2\/types\/product"}],"replies":[{"embeddable":true,"href":"https:\/\/audiohypnosis.online\/pt-br\/wp-json\/wp\/v2\/comments?post=171433"}],"version-history":[{"count":1,"href":"https:\/\/audiohypnosis.online\/pt-br\/wp-json\/wp\/v2\/product\/171433\/revisions"}],"predecessor-version":[{"id":171435,"href":"https:\/\/audiohypnosis.online\/pt-br\/wp-json\/wp\/v2\/product\/171433\/revisions\/171435"}],"wp:featuredmedia":[{"embeddable":true,"href":"https:\/\/audiohypnosis.online\/pt-br\/wp-json\/wp\/v2\/media\/168853"}],"wp:attachment":[{"href":"https:\/\/audiohypnosis.online\/pt-br\/wp-json\/wp\/v2\/media?parent=171433"}],"wp:term":[{"taxonomy":"language","embeddable":true,"href":"https:\/\/audiohypnosis.online\/pt-br\/wp-json\/wp\/v2\/language?post=171433"},{"taxonomy":"product_cat","embeddable":true,"href":"https:\/\/audiohypnosis.online\/pt-br\/wp-json\/wp\/v2\/product_cat?post=171433"},{"taxonomy":"product_tag","embeddable":true,"href":"https:\/\/audiohypnosis.online\/pt-br\/wp-json\/wp\/v2\/product_tag?post=171433"}],"curies":[{"name":"wp","href":"https:\/\/api.w.org\/{rel}","templated":true}]}}