{"id":171231,"date":"2024-04-03T15:39:59","date_gmt":"2024-04-03T13:39:59","guid":{"rendered":"https:\/\/audiohypnosis.online\/?post_type=product&#038;p=171231"},"modified":"2024-04-25T09:51:05","modified_gmt":"2024-04-25T07:51:05","slug":"sonambulismo","status":"publish","type":"product","link":"https:\/\/audiohypnosis.online\/pt-br\/produto\/sonambulismo\/","title":{"rendered":"Sonambulismo"},"content":{"rendered":"<p>Inicie hoje sua jornada em dire\u00e7\u00e3o a noites tranquilas. Nosso pacote inclui seis faixas de \u00e1udio acompanhadas de um manual abrangente, garantindo interven\u00e7\u00e3o eficaz.<\/p>\n","protected":false},"excerpt":{"rendered":"<p>Eleve a qualidade do seu sono e aproveite a oportunidade para recuperar o controle das suas noites.<\/p>\n","protected":false},"featured_media":168783,"comment_status":"closed","ping_status":"closed","template":"","meta":[],"language":[2637],"product_cat":[2790],"product_tag":[2642],"class_list":{"0":"post-171231","1":"product","2":"type-product","3":"status-publish","4":"has-post-thumbnail","6":"language-alemao","7":"product_cat-dormir","8":"product_tag-bem-estar","9":"pa_languages-alemao","11":"entry","12":"has-media","14":"first","15":"instock","16":"shipping-taxable","17":"purchasable","18":"product-type-variable","19":"has-product-nav","20":"col","21":"span_1_of_4","22":"owp-content-center","23":"owp-thumbs-layout-horizontal","24":"owp-btn-big","25":"owp-tabs-layout-vertical","26":"has-no-thumbnails"},"acf":[],"aioseo_notices":[],"_links":{"self":[{"href":"https:\/\/audiohypnosis.online\/pt-br\/wp-json\/wp\/v2\/product\/171231","targetHints":{"allow":["GET"]}}],"collection":[{"href":"https:\/\/audiohypnosis.online\/pt-br\/wp-json\/wp\/v2\/product"}],"about":[{"href":"https:\/\/audiohypnosis.online\/pt-br\/wp-json\/wp\/v2\/types\/product"}],"replies":[{"embeddable":true,"href":"https:\/\/audiohypnosis.online\/pt-br\/wp-json\/wp\/v2\/comments?post=171231"}],"version-history":[{"count":1,"href":"https:\/\/audiohypnosis.online\/pt-br\/wp-json\/wp\/v2\/product\/171231\/revisions"}],"predecessor-version":[{"id":171233,"href":"https:\/\/audiohypnosis.online\/pt-br\/wp-json\/wp\/v2\/product\/171231\/revisions\/171233"}],"wp:featuredmedia":[{"embeddable":true,"href":"https:\/\/audiohypnosis.online\/pt-br\/wp-json\/wp\/v2\/media\/168783"}],"wp:attachment":[{"href":"https:\/\/audiohypnosis.online\/pt-br\/wp-json\/wp\/v2\/media?parent=171231"}],"wp:term":[{"taxonomy":"language","embeddable":true,"href":"https:\/\/audiohypnosis.online\/pt-br\/wp-json\/wp\/v2\/language?post=171231"},{"taxonomy":"product_cat","embeddable":true,"href":"https:\/\/audiohypnosis.online\/pt-br\/wp-json\/wp\/v2\/product_cat?post=171231"},{"taxonomy":"product_tag","embeddable":true,"href":"https:\/\/audiohypnosis.online\/pt-br\/wp-json\/wp\/v2\/product_tag?post=171231"}],"curies":[{"name":"wp","href":"https:\/\/api.w.org\/{rel}","templated":true}]}}