{"id":171191,"date":"2024-04-03T15:15:58","date_gmt":"2024-04-03T13:15:58","guid":{"rendered":"https:\/\/audiohypnosis.online\/?post_type=product&#038;p=171191"},"modified":"2024-04-25T09:27:13","modified_gmt":"2024-04-25T07:27:13","slug":"aumente-seu-carisma","status":"publish","type":"product","link":"https:\/\/audiohypnosis.online\/pt-br\/produto\/aumente-seu-carisma\/","title":{"rendered":"Aumente Seu Carisma"},"content":{"rendered":"<p>Descubra nossos MP3 de hipnose auditiva projetados para aumentar seu carisma, ampliar sua presen\u00e7a e irradiar confian\u00e7a. Embarque na jornada para desbloquear seu charme magn\u00e9tico hoje. Nosso pacote inclui seis faixas de \u00e1udio acompanhadas de um manual completo, garantindo uma transforma\u00e7\u00e3o profunda.<\/p>\n","protected":false},"excerpt":{"rendered":"<p>Eleve sua autoconfian\u00e7a e aproveite a oportunidade para superar suas maiores expectativas.<\/p>\n","protected":false},"featured_media":168825,"comment_status":"closed","ping_status":"closed","template":"","meta":[],"language":[2637,2581],"product_cat":[2651],"product_tag":[],"class_list":{"0":"post-171191","1":"product","2":"type-product","3":"status-publish","4":"has-post-thumbnail","6":"language-alemao","7":"language-holandes","8":"product_cat-auto-aperfeicoamento","9":"pa_languages-alemao","10":"pa_languages-holandes","12":"entry","13":"has-media","15":"first","16":"instock","17":"shipping-taxable","18":"purchasable","19":"product-type-variable","20":"has-product-nav","21":"col","22":"span_1_of_4","23":"owp-content-center","24":"owp-thumbs-layout-horizontal","25":"owp-btn-big","26":"owp-tabs-layout-vertical","27":"has-no-thumbnails"},"acf":[],"aioseo_notices":[],"_links":{"self":[{"href":"https:\/\/audiohypnosis.online\/pt-br\/wp-json\/wp\/v2\/product\/171191","targetHints":{"allow":["GET"]}}],"collection":[{"href":"https:\/\/audiohypnosis.online\/pt-br\/wp-json\/wp\/v2\/product"}],"about":[{"href":"https:\/\/audiohypnosis.online\/pt-br\/wp-json\/wp\/v2\/types\/product"}],"replies":[{"embeddable":true,"href":"https:\/\/audiohypnosis.online\/pt-br\/wp-json\/wp\/v2\/comments?post=171191"}],"version-history":[{"count":1,"href":"https:\/\/audiohypnosis.online\/pt-br\/wp-json\/wp\/v2\/product\/171191\/revisions"}],"predecessor-version":[{"id":171194,"href":"https:\/\/audiohypnosis.online\/pt-br\/wp-json\/wp\/v2\/product\/171191\/revisions\/171194"}],"wp:featuredmedia":[{"embeddable":true,"href":"https:\/\/audiohypnosis.online\/pt-br\/wp-json\/wp\/v2\/media\/168825"}],"wp:attachment":[{"href":"https:\/\/audiohypnosis.online\/pt-br\/wp-json\/wp\/v2\/media?parent=171191"}],"wp:term":[{"taxonomy":"language","embeddable":true,"href":"https:\/\/audiohypnosis.online\/pt-br\/wp-json\/wp\/v2\/language?post=171191"},{"taxonomy":"product_cat","embeddable":true,"href":"https:\/\/audiohypnosis.online\/pt-br\/wp-json\/wp\/v2\/product_cat?post=171191"},{"taxonomy":"product_tag","embeddable":true,"href":"https:\/\/audiohypnosis.online\/pt-br\/wp-json\/wp\/v2\/product_tag?post=171191"}],"curies":[{"name":"wp","href":"https:\/\/api.w.org\/{rel}","templated":true}]}}