{"id":171141,"date":"2024-04-03T14:22:44","date_gmt":"2024-04-03T12:22:44","guid":{"rendered":"https:\/\/audiohypnosis.online\/?post_type=product&#038;p=171141"},"modified":"2024-04-23T13:25:32","modified_gmt":"2024-04-23T11:25:32","slug":"ganhe-mais-autorespeito","status":"publish","type":"product","link":"https:\/\/audiohypnosis.online\/pt-br\/produto\/ganhe-mais-autorespeito\/","title":{"rendered":"Ganhe mais autorespeito"},"content":{"rendered":"<p>Explore nossos MP3s de hipnose auditiva desenvolvidos para cultivar maior autorespeito, aumentar a confian\u00e7a e promover o empoderamento pessoal. Embarque hoje na jornada em dire\u00e7\u00e3o ao autoconhecimento. Nosso pacote inclui seis faixas de \u00e1udio acompanhadas de um manual detalhado, garantindo uma transforma\u00e7\u00e3o profunda.<\/p>\n","protected":false},"excerpt":{"rendered":"<p>Voc\u00ea quer desenvolver mais autorespeito?<\/p>\n","protected":false},"featured_media":168797,"comment_status":"closed","ping_status":"closed","template":"","meta":[],"language":[2637,2581],"product_cat":[2651],"product_tag":[2694],"class_list":{"0":"post-171141","1":"product","2":"type-product","3":"status-publish","4":"has-post-thumbnail","6":"language-alemao","7":"language-holandes","8":"product_cat-auto-aperfeicoamento","9":"product_tag-sucesso","10":"pa_languages-alemao","11":"pa_languages-holandes","13":"entry","14":"has-media","16":"first","17":"instock","18":"shipping-taxable","19":"purchasable","20":"product-type-variable","21":"has-product-nav","22":"col","23":"span_1_of_4","24":"owp-content-center","25":"owp-thumbs-layout-horizontal","26":"owp-btn-big","27":"owp-tabs-layout-vertical","28":"has-no-thumbnails"},"acf":[],"aioseo_notices":[],"_links":{"self":[{"href":"https:\/\/audiohypnosis.online\/pt-br\/wp-json\/wp\/v2\/product\/171141","targetHints":{"allow":["GET"]}}],"collection":[{"href":"https:\/\/audiohypnosis.online\/pt-br\/wp-json\/wp\/v2\/product"}],"about":[{"href":"https:\/\/audiohypnosis.online\/pt-br\/wp-json\/wp\/v2\/types\/product"}],"replies":[{"embeddable":true,"href":"https:\/\/audiohypnosis.online\/pt-br\/wp-json\/wp\/v2\/comments?post=171141"}],"version-history":[{"count":1,"href":"https:\/\/audiohypnosis.online\/pt-br\/wp-json\/wp\/v2\/product\/171141\/revisions"}],"predecessor-version":[{"id":171144,"href":"https:\/\/audiohypnosis.online\/pt-br\/wp-json\/wp\/v2\/product\/171141\/revisions\/171144"}],"wp:featuredmedia":[{"embeddable":true,"href":"https:\/\/audiohypnosis.online\/pt-br\/wp-json\/wp\/v2\/media\/168797"}],"wp:attachment":[{"href":"https:\/\/audiohypnosis.online\/pt-br\/wp-json\/wp\/v2\/media?parent=171141"}],"wp:term":[{"taxonomy":"language","embeddable":true,"href":"https:\/\/audiohypnosis.online\/pt-br\/wp-json\/wp\/v2\/language?post=171141"},{"taxonomy":"product_cat","embeddable":true,"href":"https:\/\/audiohypnosis.online\/pt-br\/wp-json\/wp\/v2\/product_cat?post=171141"},{"taxonomy":"product_tag","embeddable":true,"href":"https:\/\/audiohypnosis.online\/pt-br\/wp-json\/wp\/v2\/product_tag?post=171141"}],"curies":[{"name":"wp","href":"https:\/\/api.w.org\/{rel}","templated":true}]}}