{"id":171086,"date":"2024-04-03T13:06:25","date_gmt":"2024-04-03T11:06:25","guid":{"rendered":"https:\/\/audiohypnosis.online\/?post_type=product&#038;p=171086"},"modified":"2024-04-23T12:47:16","modified_gmt":"2024-04-23T10:47:16","slug":"realizacao-sexual","status":"publish","type":"product","link":"https:\/\/audiohypnosis.online\/pt-br\/produto\/realizacao-sexual\/","title":{"rendered":"Realiza\u00e7\u00e3o Sexual"},"content":{"rendered":"<p>Eleve suas experi\u00eancias \u00edntimas e aproveite a oportunidade de superar seus desejos mais selvagens. Nosso pacote inclui seis faixas de \u00e1udio complementadas por um manual completo, garantindo m\u00e1xima satisfa\u00e7\u00e3o.<\/p>\n","protected":false},"excerpt":{"rendered":"<p>Voc\u00ea quer alcan\u00e7ar um relacionamento mais prazeroso e uma vida sexual melhor?<\/p>\n","protected":false},"featured_media":168839,"comment_status":"closed","ping_status":"closed","template":"","meta":[],"language":[2637,2581],"product_cat":[2805],"product_tag":[],"class_list":{"0":"post-171086","1":"product","2":"type-product","3":"status-publish","4":"has-post-thumbnail","6":"language-alemao","7":"language-holandes","8":"product_cat-sexualidade","9":"pa_languages-alemao","10":"pa_languages-holandes","12":"entry","13":"has-media","15":"first","16":"instock","17":"shipping-taxable","18":"purchasable","19":"product-type-variable","20":"has-product-nav","21":"col","22":"span_1_of_4","23":"owp-content-center","24":"owp-thumbs-layout-horizontal","25":"owp-btn-big","26":"owp-tabs-layout-vertical","27":"has-no-thumbnails"},"acf":[],"aioseo_notices":[],"_links":{"self":[{"href":"https:\/\/audiohypnosis.online\/pt-br\/wp-json\/wp\/v2\/product\/171086","targetHints":{"allow":["GET"]}}],"collection":[{"href":"https:\/\/audiohypnosis.online\/pt-br\/wp-json\/wp\/v2\/product"}],"about":[{"href":"https:\/\/audiohypnosis.online\/pt-br\/wp-json\/wp\/v2\/types\/product"}],"replies":[{"embeddable":true,"href":"https:\/\/audiohypnosis.online\/pt-br\/wp-json\/wp\/v2\/comments?post=171086"}],"version-history":[{"count":1,"href":"https:\/\/audiohypnosis.online\/pt-br\/wp-json\/wp\/v2\/product\/171086\/revisions"}],"predecessor-version":[{"id":171089,"href":"https:\/\/audiohypnosis.online\/pt-br\/wp-json\/wp\/v2\/product\/171086\/revisions\/171089"}],"wp:featuredmedia":[{"embeddable":true,"href":"https:\/\/audiohypnosis.online\/pt-br\/wp-json\/wp\/v2\/media\/168839"}],"wp:attachment":[{"href":"https:\/\/audiohypnosis.online\/pt-br\/wp-json\/wp\/v2\/media?parent=171086"}],"wp:term":[{"taxonomy":"language","embeddable":true,"href":"https:\/\/audiohypnosis.online\/pt-br\/wp-json\/wp\/v2\/language?post=171086"},{"taxonomy":"product_cat","embeddable":true,"href":"https:\/\/audiohypnosis.online\/pt-br\/wp-json\/wp\/v2\/product_cat?post=171086"},{"taxonomy":"product_tag","embeddable":true,"href":"https:\/\/audiohypnosis.online\/pt-br\/wp-json\/wp\/v2\/product_tag?post=171086"}],"curies":[{"name":"wp","href":"https:\/\/api.w.org\/{rel}","templated":true}]}}