{"id":171034,"date":"2024-03-18T15:36:16","date_gmt":"2024-03-18T14:36:16","guid":{"rendered":"https:\/\/audiohypnosis.online\/?post_type=product&#038;p=171034"},"modified":"2024-04-19T11:00:00","modified_gmt":"2024-04-19T09:00:00","slug":"foco-e-concentracao-melhorados","status":"publish","type":"product","link":"https:\/\/audiohypnosis.online\/pt-br\/produto\/foco-e-concentracao-melhorados\/","title":{"rendered":"Foco e Concentra\u00e7\u00e3o Melhorados"},"content":{"rendered":"<p>Embarque hoje na jornada para um foco aprimorado. Nosso pacote inclui seis faixas de \u00e1udio cuidadosamente projetadas, acompanhadas de um manual, garantindo o m\u00e1ximo aumento da concentra\u00e7\u00e3o.<\/p>\n","protected":false},"excerpt":{"rendered":"<p>Voc\u00ea quer ampliar sua concentra\u00e7\u00e3o?<\/p>\n","protected":false},"featured_media":166143,"comment_status":"closed","ping_status":"closed","template":"","meta":[],"language":[2637,2636,2581],"product_cat":[2651],"product_tag":[],"class_list":{"0":"post-171034","1":"product","2":"type-product","3":"status-publish","4":"has-post-thumbnail","6":"language-alemao","7":"language-frances","8":"language-holandes","9":"product_cat-auto-aperfeicoamento","10":"pa_languages-alemao","11":"pa_languages-frances","12":"pa_languages-holandes","14":"entry","15":"has-media","17":"first","18":"instock","19":"shipping-taxable","20":"purchasable","21":"product-type-variable","22":"has-product-nav","23":"col","24":"span_1_of_4","25":"owp-content-center","26":"owp-thumbs-layout-horizontal","27":"owp-btn-big","28":"owp-tabs-layout-vertical","29":"has-no-thumbnails"},"acf":[],"aioseo_notices":[],"_links":{"self":[{"href":"https:\/\/audiohypnosis.online\/pt-br\/wp-json\/wp\/v2\/product\/171034","targetHints":{"allow":["GET"]}}],"collection":[{"href":"https:\/\/audiohypnosis.online\/pt-br\/wp-json\/wp\/v2\/product"}],"about":[{"href":"https:\/\/audiohypnosis.online\/pt-br\/wp-json\/wp\/v2\/types\/product"}],"replies":[{"embeddable":true,"href":"https:\/\/audiohypnosis.online\/pt-br\/wp-json\/wp\/v2\/comments?post=171034"}],"version-history":[{"count":1,"href":"https:\/\/audiohypnosis.online\/pt-br\/wp-json\/wp\/v2\/product\/171034\/revisions"}],"predecessor-version":[{"id":171038,"href":"https:\/\/audiohypnosis.online\/pt-br\/wp-json\/wp\/v2\/product\/171034\/revisions\/171038"}],"wp:featuredmedia":[{"embeddable":true,"href":"https:\/\/audiohypnosis.online\/pt-br\/wp-json\/wp\/v2\/media\/166143"}],"wp:attachment":[{"href":"https:\/\/audiohypnosis.online\/pt-br\/wp-json\/wp\/v2\/media?parent=171034"}],"wp:term":[{"taxonomy":"language","embeddable":true,"href":"https:\/\/audiohypnosis.online\/pt-br\/wp-json\/wp\/v2\/language?post=171034"},{"taxonomy":"product_cat","embeddable":true,"href":"https:\/\/audiohypnosis.online\/pt-br\/wp-json\/wp\/v2\/product_cat?post=171034"},{"taxonomy":"product_tag","embeddable":true,"href":"https:\/\/audiohypnosis.online\/pt-br\/wp-json\/wp\/v2\/product_tag?post=171034"}],"curies":[{"name":"wp","href":"https:\/\/api.w.org\/{rel}","templated":true}]}}