{"id":170974,"date":"2024-03-18T13:38:35","date_gmt":"2024-03-18T12:38:35","guid":{"rendered":"https:\/\/audiohypnosis.online\/?post_type=product&#038;p=170974"},"modified":"2024-04-19T10:31:02","modified_gmt":"2024-04-19T08:31:02","slug":"desempenho-otimo","status":"publish","type":"product","link":"https:\/\/audiohypnosis.online\/pt-br\/produto\/desempenho-otimo\/","title":{"rendered":"Desempenho \u00d3timo"},"content":{"rendered":"<p>Mergulhe em nossa cole\u00e7\u00e3o de MP3s de hipnose auditiva personalizados para melhorar seu foco, conjunto de habilidades e efici\u00eancia geral. Comece hoje sua jornada em dire\u00e7\u00e3o ao desempenho m\u00e1ximo. Nosso pacote inclui seis arquivos de \u00e1udio meticulosamente elaborados acompanhados de um manual, garantindo resultados m\u00e1ximos.<\/p>\n","protected":false},"excerpt":{"rendered":"<p>Eleve seu desempenho \u2013 aproveite a oportunidade para superar suas aspira\u00e7\u00f5es.<\/p>\n","protected":false},"featured_media":166157,"comment_status":"closed","ping_status":"closed","template":"","meta":[],"language":[2637,2636,2581],"product_cat":[2651],"product_tag":[],"class_list":{"0":"post-170974","1":"product","2":"type-product","3":"status-publish","4":"has-post-thumbnail","6":"language-alemao","7":"language-frances","8":"language-holandes","9":"product_cat-auto-aperfeicoamento","10":"pa_languages-alemao","11":"pa_languages-frances","12":"pa_languages-holandes","14":"entry","15":"has-media","17":"first","18":"instock","19":"shipping-taxable","20":"purchasable","21":"product-type-variable","22":"has-product-nav","23":"col","24":"span_1_of_4","25":"owp-content-center","26":"owp-thumbs-layout-horizontal","27":"owp-btn-big","28":"owp-tabs-layout-vertical","29":"has-no-thumbnails"},"acf":[],"aioseo_notices":[],"_links":{"self":[{"href":"https:\/\/audiohypnosis.online\/pt-br\/wp-json\/wp\/v2\/product\/170974","targetHints":{"allow":["GET"]}}],"collection":[{"href":"https:\/\/audiohypnosis.online\/pt-br\/wp-json\/wp\/v2\/product"}],"about":[{"href":"https:\/\/audiohypnosis.online\/pt-br\/wp-json\/wp\/v2\/types\/product"}],"replies":[{"embeddable":true,"href":"https:\/\/audiohypnosis.online\/pt-br\/wp-json\/wp\/v2\/comments?post=170974"}],"version-history":[{"count":1,"href":"https:\/\/audiohypnosis.online\/pt-br\/wp-json\/wp\/v2\/product\/170974\/revisions"}],"predecessor-version":[{"id":170978,"href":"https:\/\/audiohypnosis.online\/pt-br\/wp-json\/wp\/v2\/product\/170974\/revisions\/170978"}],"wp:featuredmedia":[{"embeddable":true,"href":"https:\/\/audiohypnosis.online\/pt-br\/wp-json\/wp\/v2\/media\/166157"}],"wp:attachment":[{"href":"https:\/\/audiohypnosis.online\/pt-br\/wp-json\/wp\/v2\/media?parent=170974"}],"wp:term":[{"taxonomy":"language","embeddable":true,"href":"https:\/\/audiohypnosis.online\/pt-br\/wp-json\/wp\/v2\/language?post=170974"},{"taxonomy":"product_cat","embeddable":true,"href":"https:\/\/audiohypnosis.online\/pt-br\/wp-json\/wp\/v2\/product_cat?post=170974"},{"taxonomy":"product_tag","embeddable":true,"href":"https:\/\/audiohypnosis.online\/pt-br\/wp-json\/wp\/v2\/product_tag?post=170974"}],"curies":[{"name":"wp","href":"https:\/\/api.w.org\/{rel}","templated":true}]}}