{"id":170906,"date":"2024-03-14T13:47:10","date_gmt":"2024-03-14T12:47:10","guid":{"rendered":"https:\/\/audiohypnosis.online\/?post_type=product&#038;p=170906"},"modified":"2024-04-18T16:08:40","modified_gmt":"2024-04-18T14:08:40","slug":"atrair-amor","status":"publish","type":"product","link":"https:\/\/audiohypnosis.online\/pt-br\/produto\/atrair-amor\/","title":{"rendered":"Atrair Amor"},"content":{"rendered":"<p>\u00c9 hora de abra\u00e7ar um novo cap\u00edtulo cheio de amor e positividade em sua vida. Com este pacote, voc\u00ea receber\u00e1 6 arquivos de \u00e1udio e um manual para apoiar sua jornada.<\/p>\n","protected":false},"excerpt":{"rendered":"<p>Pronto para convidar o amor para sua vida?<\/p>\n","protected":false},"featured_media":165254,"comment_status":"closed","ping_status":"closed","template":"","meta":[],"language":[2637,2636,2581],"product_cat":[2828],"product_tag":[2829,2667],"class_list":{"0":"post-170906","1":"product","2":"type-product","3":"status-publish","4":"has-post-thumbnail","6":"language-alemao","7":"language-frances","8":"language-holandes","9":"product_cat-relacionamentos","10":"product_tag-amor-pt-br","11":"product_tag-cura-pt-br","12":"pa_languages-alemao","13":"pa_languages-frances","14":"pa_languages-holandes","16":"entry","17":"has-media","19":"first","20":"instock","21":"shipping-taxable","22":"purchasable","23":"product-type-variable","24":"has-product-nav","25":"col","26":"span_1_of_4","27":"owp-content-center","28":"owp-thumbs-layout-horizontal","29":"owp-btn-big","30":"owp-tabs-layout-vertical","31":"has-no-thumbnails"},"acf":[],"aioseo_notices":[],"_links":{"self":[{"href":"https:\/\/audiohypnosis.online\/pt-br\/wp-json\/wp\/v2\/product\/170906","targetHints":{"allow":["GET"]}}],"collection":[{"href":"https:\/\/audiohypnosis.online\/pt-br\/wp-json\/wp\/v2\/product"}],"about":[{"href":"https:\/\/audiohypnosis.online\/pt-br\/wp-json\/wp\/v2\/types\/product"}],"replies":[{"embeddable":true,"href":"https:\/\/audiohypnosis.online\/pt-br\/wp-json\/wp\/v2\/comments?post=170906"}],"version-history":[{"count":1,"href":"https:\/\/audiohypnosis.online\/pt-br\/wp-json\/wp\/v2\/product\/170906\/revisions"}],"predecessor-version":[{"id":170910,"href":"https:\/\/audiohypnosis.online\/pt-br\/wp-json\/wp\/v2\/product\/170906\/revisions\/170910"}],"wp:featuredmedia":[{"embeddable":true,"href":"https:\/\/audiohypnosis.online\/pt-br\/wp-json\/wp\/v2\/media\/165254"}],"wp:attachment":[{"href":"https:\/\/audiohypnosis.online\/pt-br\/wp-json\/wp\/v2\/media?parent=170906"}],"wp:term":[{"taxonomy":"language","embeddable":true,"href":"https:\/\/audiohypnosis.online\/pt-br\/wp-json\/wp\/v2\/language?post=170906"},{"taxonomy":"product_cat","embeddable":true,"href":"https:\/\/audiohypnosis.online\/pt-br\/wp-json\/wp\/v2\/product_cat?post=170906"},{"taxonomy":"product_tag","embeddable":true,"href":"https:\/\/audiohypnosis.online\/pt-br\/wp-json\/wp\/v2\/product_tag?post=170906"}],"curies":[{"name":"wp","href":"https:\/\/api.w.org\/{rel}","templated":true}]}}