{"id":161219,"date":"2024-03-05T10:18:42","date_gmt":"2024-03-05T09:18:42","guid":{"rendered":"https:\/\/audiohypnosis.online\/?post_type=product&#038;p=161219"},"modified":"2024-04-17T17:08:11","modified_gmt":"2024-04-17T15:08:11","slug":"pensando-demais-copy","status":"publish","type":"product","link":"https:\/\/audiohypnosis.online\/pt-br\/produto\/pensando-demais-copy\/","title":{"rendered":"Impulso de Criatividade"},"content":{"rendered":"<p>Ansioso para desbloquear seu fluxo criativo? Mergulhe em nossos revolucion\u00e1rios MP3 de hipnose auditiva projetados para acender a inspira\u00e7\u00e3o e aumentar a criatividade. Com 6 sess\u00f5es de \u00e1udio din\u00e2micas e um guia pr\u00e1tico, libere seu g\u00eanio criativo e realize suas vis\u00f5es.<\/p>\n","protected":false},"excerpt":{"rendered":"<p>Voc\u00ea quer elevar sua produ\u00e7\u00e3o criativa e desbloquear novos reinos da imagina\u00e7\u00e3o?<\/p>\n","protected":false},"featured_media":161198,"comment_status":"closed","ping_status":"closed","template":"","meta":[],"language":[2638],"product_cat":[2651],"product_tag":[],"class_list":{"0":"post-161219","1":"product","2":"type-product","3":"status-publish","4":"has-post-thumbnail","6":"language-ingles","7":"product_cat-auto-aperfeicoamento","8":"pa_languages-holandes","9":"pa_languages-ingles","11":"entry","12":"has-media","14":"first","15":"instock","16":"purchasable","17":"product-type-variable","18":"has-product-nav","19":"col","20":"span_1_of_4","21":"owp-content-center","22":"owp-thumbs-layout-horizontal","23":"owp-btn-big","24":"owp-tabs-layout-vertical","25":"has-no-thumbnails"},"acf":[],"aioseo_notices":[],"_links":{"self":[{"href":"https:\/\/audiohypnosis.online\/pt-br\/wp-json\/wp\/v2\/product\/161219","targetHints":{"allow":["GET"]}}],"collection":[{"href":"https:\/\/audiohypnosis.online\/pt-br\/wp-json\/wp\/v2\/product"}],"about":[{"href":"https:\/\/audiohypnosis.online\/pt-br\/wp-json\/wp\/v2\/types\/product"}],"replies":[{"embeddable":true,"href":"https:\/\/audiohypnosis.online\/pt-br\/wp-json\/wp\/v2\/comments?post=161219"}],"version-history":[{"count":2,"href":"https:\/\/audiohypnosis.online\/pt-br\/wp-json\/wp\/v2\/product\/161219\/revisions"}],"predecessor-version":[{"id":170859,"href":"https:\/\/audiohypnosis.online\/pt-br\/wp-json\/wp\/v2\/product\/161219\/revisions\/170859"}],"wp:featuredmedia":[{"embeddable":true,"href":"https:\/\/audiohypnosis.online\/pt-br\/wp-json\/wp\/v2\/media\/161198"}],"wp:attachment":[{"href":"https:\/\/audiohypnosis.online\/pt-br\/wp-json\/wp\/v2\/media?parent=161219"}],"wp:term":[{"taxonomy":"language","embeddable":true,"href":"https:\/\/audiohypnosis.online\/pt-br\/wp-json\/wp\/v2\/language?post=161219"},{"taxonomy":"product_cat","embeddable":true,"href":"https:\/\/audiohypnosis.online\/pt-br\/wp-json\/wp\/v2\/product_cat?post=161219"},{"taxonomy":"product_tag","embeddable":true,"href":"https:\/\/audiohypnosis.online\/pt-br\/wp-json\/wp\/v2\/product_tag?post=161219"}],"curies":[{"name":"wp","href":"https:\/\/api.w.org\/{rel}","templated":true}]}}