{"id":161132,"date":"2024-03-05T09:49:42","date_gmt":"2024-03-05T08:49:42","guid":{"rendered":"https:\/\/audiohypnosis.online\/?post_type=product&#038;p=161132"},"modified":"2024-04-12T23:13:14","modified_gmt":"2024-04-12T21:13:14","slug":"agorafobia-copy-copy","status":"publish","type":"product","link":"https:\/\/audiohypnosis.online\/pt-br\/produto\/agorafobia-copy-copy\/","title":{"rendered":"V\u00edcio em Pornografia"},"content":{"rendered":"<p>Voc\u00ea est\u00e1 pronto para recuperar sua vida das garras do v\u00edcio em pornografia? Nosso pacote oferece 6 arquivos de \u00e1udio para download, junto com um manual para auxiliar na sua recupera\u00e7\u00e3o eficaz.<\/p>\n","protected":false},"excerpt":{"rendered":"<p>Voc\u00ea est\u00e1 lutando para se libertar do ciclo implac\u00e1vel do v\u00edcio em pornografia e deseja encontrar um caminho para a recupera\u00e7\u00e3o?<\/p>\n","protected":false},"featured_media":161107,"comment_status":"closed","ping_status":"closed","template":"","meta":[],"language":[2637],"product_cat":[2894],"product_tag":[2895],"class_list":{"0":"post-161132","1":"product","2":"type-product","3":"status-publish","4":"has-post-thumbnail","6":"language-alemao","7":"product_cat-vicios","8":"product_tag-dependencia","9":"pa_languages-alemao","11":"entry","12":"has-media","14":"first","15":"instock","16":"shipping-taxable","17":"purchasable","18":"product-type-variable","19":"has-product-nav","20":"col","21":"span_1_of_4","22":"owp-content-center","23":"owp-thumbs-layout-horizontal","24":"owp-btn-big","25":"owp-tabs-layout-vertical","26":"has-no-thumbnails"},"acf":[],"aioseo_notices":[],"_links":{"self":[{"href":"https:\/\/audiohypnosis.online\/pt-br\/wp-json\/wp\/v2\/product\/161132","targetHints":{"allow":["GET"]}}],"collection":[{"href":"https:\/\/audiohypnosis.online\/pt-br\/wp-json\/wp\/v2\/product"}],"about":[{"href":"https:\/\/audiohypnosis.online\/pt-br\/wp-json\/wp\/v2\/types\/product"}],"replies":[{"embeddable":true,"href":"https:\/\/audiohypnosis.online\/pt-br\/wp-json\/wp\/v2\/comments?post=161132"}],"version-history":[{"count":2,"href":"https:\/\/audiohypnosis.online\/pt-br\/wp-json\/wp\/v2\/product\/161132\/revisions"}],"predecessor-version":[{"id":170501,"href":"https:\/\/audiohypnosis.online\/pt-br\/wp-json\/wp\/v2\/product\/161132\/revisions\/170501"}],"wp:featuredmedia":[{"embeddable":true,"href":"https:\/\/audiohypnosis.online\/pt-br\/wp-json\/wp\/v2\/media\/161107"}],"wp:attachment":[{"href":"https:\/\/audiohypnosis.online\/pt-br\/wp-json\/wp\/v2\/media?parent=161132"}],"wp:term":[{"taxonomy":"language","embeddable":true,"href":"https:\/\/audiohypnosis.online\/pt-br\/wp-json\/wp\/v2\/language?post=161132"},{"taxonomy":"product_cat","embeddable":true,"href":"https:\/\/audiohypnosis.online\/pt-br\/wp-json\/wp\/v2\/product_cat?post=161132"},{"taxonomy":"product_tag","embeddable":true,"href":"https:\/\/audiohypnosis.online\/pt-br\/wp-json\/wp\/v2\/product_tag?post=161132"}],"curies":[{"name":"wp","href":"https:\/\/api.w.org\/{rel}","templated":true}]}}