{"id":161058,"date":"2024-03-05T09:24:50","date_gmt":"2024-03-05T08:24:50","guid":{"rendered":"https:\/\/audiohypnosis.online\/?post_type=product&#038;p=161058"},"modified":"2024-04-12T22:46:43","modified_gmt":"2024-04-12T20:46:43","slug":"agorafobia-copy","status":"publish","type":"product","link":"https:\/\/audiohypnosis.online\/pt-br\/produto\/agorafobia-copy\/","title":{"rendered":"Lidando com Est\u00edmulos (TDAH)"},"content":{"rendered":"<p>Sentindo-se inundado por est\u00edmulos persistentes e distra\u00e7\u00f5es? Nosso pacote inclui 6 arquivos de \u00e1udio para download em diferentes vers\u00f5es para oferecer orienta\u00e7\u00f5es para desenvolver habilidades no manejo de est\u00edmulos e aumentar a concentra\u00e7\u00e3o, juntamente com um manual para m\u00e1xima efic\u00e1cia.<\/p>\n","protected":false},"excerpt":{"rendered":"<p>Voc\u00ea est\u00e1 procurando recursos para ajudar a lidar com os aspectos sensoriais do TDAH?<\/p>\n","protected":false},"featured_media":161002,"comment_status":"closed","ping_status":"closed","template":"","meta":[],"language":[2581],"product_cat":[2651],"product_tag":[],"class_list":{"0":"post-161058","1":"product","2":"type-product","3":"status-publish","4":"has-post-thumbnail","6":"language-holandes","7":"product_cat-auto-aperfeicoamento","8":"pa_languages-holandes","10":"entry","11":"has-media","13":"first","14":"instock","15":"shipping-taxable","16":"purchasable","17":"product-type-variable","18":"has-product-nav","19":"col","20":"span_1_of_4","21":"owp-content-center","22":"owp-thumbs-layout-horizontal","23":"owp-btn-big","24":"owp-tabs-layout-vertical","25":"has-no-thumbnails"},"acf":[],"aioseo_notices":[],"_links":{"self":[{"href":"https:\/\/audiohypnosis.online\/pt-br\/wp-json\/wp\/v2\/product\/161058","targetHints":{"allow":["GET"]}}],"collection":[{"href":"https:\/\/audiohypnosis.online\/pt-br\/wp-json\/wp\/v2\/product"}],"about":[{"href":"https:\/\/audiohypnosis.online\/pt-br\/wp-json\/wp\/v2\/types\/product"}],"replies":[{"embeddable":true,"href":"https:\/\/audiohypnosis.online\/pt-br\/wp-json\/wp\/v2\/comments?post=161058"}],"version-history":[{"count":2,"href":"https:\/\/audiohypnosis.online\/pt-br\/wp-json\/wp\/v2\/product\/161058\/revisions"}],"predecessor-version":[{"id":170489,"href":"https:\/\/audiohypnosis.online\/pt-br\/wp-json\/wp\/v2\/product\/161058\/revisions\/170489"}],"wp:featuredmedia":[{"embeddable":true,"href":"https:\/\/audiohypnosis.online\/pt-br\/wp-json\/wp\/v2\/media\/161002"}],"wp:attachment":[{"href":"https:\/\/audiohypnosis.online\/pt-br\/wp-json\/wp\/v2\/media?parent=161058"}],"wp:term":[{"taxonomy":"language","embeddable":true,"href":"https:\/\/audiohypnosis.online\/pt-br\/wp-json\/wp\/v2\/language?post=161058"},{"taxonomy":"product_cat","embeddable":true,"href":"https:\/\/audiohypnosis.online\/pt-br\/wp-json\/wp\/v2\/product_cat?post=161058"},{"taxonomy":"product_tag","embeddable":true,"href":"https:\/\/audiohypnosis.online\/pt-br\/wp-json\/wp\/v2\/product_tag?post=161058"}],"curies":[{"name":"wp","href":"https:\/\/api.w.org\/{rel}","templated":true}]}}