{"id":151789,"date":"2024-01-23T10:21:39","date_gmt":"2024-01-23T09:21:39","guid":{"rendered":"https:\/\/audiohypnosis.online\/?post_type=product&#038;p=151789"},"modified":"2024-01-23T10:39:22","modified_gmt":"2024-01-23T09:39:22","slug":"agorafobia","status":"publish","type":"product","link":"https:\/\/audiohypnosis.online\/pt-br\/produto\/agorafobia\/","title":{"rendered":"Agorafobia"},"content":{"rendered":"<p>Voc\u00ea se v\u00ea preso nas garras sufocantes da agorafobia, lutando contra uma for\u00e7a invis\u00edvel que limita sua capacidade de se envolver com o mundo? Nosso pacote inclui 6 arquivos de \u00e1udio para download, com diferentes vers\u00f5es para atender \u00e0s suas necessidades, juntamente com um manual para m\u00e1xima efic\u00e1cia.<\/p>\n","protected":false},"excerpt":{"rendered":"<p>A agorafobia pode ser uma condi\u00e7\u00e3o isolante e angustiante, afetando sua capacidade de navegar em espa\u00e7os p\u00fablicos e dificultando suas intera\u00e7\u00f5es sociais.<\/p>\n","protected":false},"featured_media":151858,"comment_status":"closed","ping_status":"closed","template":"","meta":[],"language":[2637,2636,2581,2638],"product_cat":[2646],"product_tag":[3129,2650,2647],"class_list":{"0":"post-151789","1":"product","2":"type-product","3":"status-publish","4":"has-post-thumbnail","6":"language-alemao","7":"language-frances","8":"language-holandes","9":"language-ingles","10":"product_cat-medos-e-fobias","11":"product_tag-agorafobia","12":"product_tag-fobias-pt-br","13":"product_tag-medo","14":"pa_languages-alemao","15":"pa_languages-frances","16":"pa_languages-holandes","17":"pa_languages-hungaro","18":"pa_languages-ingles","19":"pa_languages-ucraniano","21":"entry","22":"has-media","24":"first","25":"instock","26":"shipping-taxable","27":"purchasable","28":"product-type-variable","29":"has-product-nav","30":"col","31":"span_1_of_4","32":"owp-content-center","33":"owp-thumbs-layout-horizontal","34":"owp-btn-big","35":"owp-tabs-layout-vertical","36":"has-no-thumbnails"},"acf":[],"aioseo_notices":[],"_links":{"self":[{"href":"https:\/\/audiohypnosis.online\/pt-br\/wp-json\/wp\/v2\/product\/151789","targetHints":{"allow":["GET"]}}],"collection":[{"href":"https:\/\/audiohypnosis.online\/pt-br\/wp-json\/wp\/v2\/product"}],"about":[{"href":"https:\/\/audiohypnosis.online\/pt-br\/wp-json\/wp\/v2\/types\/product"}],"replies":[{"embeddable":true,"href":"https:\/\/audiohypnosis.online\/pt-br\/wp-json\/wp\/v2\/comments?post=151789"}],"version-history":[{"count":2,"href":"https:\/\/audiohypnosis.online\/pt-br\/wp-json\/wp\/v2\/product\/151789\/revisions"}],"predecessor-version":[{"id":151878,"href":"https:\/\/audiohypnosis.online\/pt-br\/wp-json\/wp\/v2\/product\/151789\/revisions\/151878"}],"wp:featuredmedia":[{"embeddable":true,"href":"https:\/\/audiohypnosis.online\/pt-br\/wp-json\/wp\/v2\/media\/151858"}],"wp:attachment":[{"href":"https:\/\/audiohypnosis.online\/pt-br\/wp-json\/wp\/v2\/media?parent=151789"}],"wp:term":[{"taxonomy":"language","embeddable":true,"href":"https:\/\/audiohypnosis.online\/pt-br\/wp-json\/wp\/v2\/language?post=151789"},{"taxonomy":"product_cat","embeddable":true,"href":"https:\/\/audiohypnosis.online\/pt-br\/wp-json\/wp\/v2\/product_cat?post=151789"},{"taxonomy":"product_tag","embeddable":true,"href":"https:\/\/audiohypnosis.online\/pt-br\/wp-json\/wp\/v2\/product_tag?post=151789"}],"curies":[{"name":"wp","href":"https:\/\/api.w.org\/{rel}","templated":true}]}}