{"id":150715,"date":"2023-10-14T09:09:04","date_gmt":"2023-10-14T07:09:04","guid":{"rendered":"https:\/\/audiohypnosis.online\/product\/medo-de-agulhas-injecoes\/"},"modified":"2023-10-14T09:09:04","modified_gmt":"2023-10-14T07:09:04","slug":"medo-de-injecoes-com-agulhas","status":"publish","type":"product","link":"https:\/\/audiohypnosis.online\/pt-br\/produto\/medo-de-injecoes-com-agulhas\/","title":{"rendered":"Medo de agulhas\/inje\u00e7\u00f5es"},"content":{"rendered":"<p>Voc\u00ea tem pavor de agulhas e inje\u00e7\u00f5es? Nossos MP3s de hipnose em \u00e1udio podem orientar voc\u00ea a vencer esse medo. Com 6 arquivos de \u00e1udio para download e um manual de pr\u00e1ticas recomendadas, voc\u00ea poder\u00e1 finalmente enfrentar os procedimentos m\u00e9dicos sem medo.<\/p>\n","protected":false},"excerpt":{"rendered":"<p>Voc\u00ea tem pavor de agulhas ou inje\u00e7\u00f5es?<\/p>\n","protected":false},"featured_media":150716,"comment_status":"closed","ping_status":"closed","template":"","meta":[],"language":[2637,2581],"product_cat":[2646],"product_tag":[3050,2662,2693,2647,2641],"class_list":{"0":"post-150715","1":"product","2":"type-product","3":"status-publish","4":"has-post-thumbnail","6":"language-alemao","7":"language-holandes","8":"product_cat-medos-e-fobias","9":"product_tag-agulhas","10":"product_tag-ansiedade","11":"product_tag-fobia-pt-br","12":"product_tag-medo","13":"product_tag-saude","14":"pa_languages-alemao","15":"pa_languages-holandes","17":"entry","18":"has-media","20":"first","21":"instock","22":"purchasable","23":"product-type-variable","24":"has-product-nav","25":"col","26":"span_1_of_4","27":"owp-content-center","28":"owp-thumbs-layout-horizontal","29":"owp-btn-big","30":"owp-tabs-layout-vertical","31":"has-no-thumbnails"},"acf":[],"aioseo_notices":[],"_links":{"self":[{"href":"https:\/\/audiohypnosis.online\/pt-br\/wp-json\/wp\/v2\/product\/150715","targetHints":{"allow":["GET"]}}],"collection":[{"href":"https:\/\/audiohypnosis.online\/pt-br\/wp-json\/wp\/v2\/product"}],"about":[{"href":"https:\/\/audiohypnosis.online\/pt-br\/wp-json\/wp\/v2\/types\/product"}],"replies":[{"embeddable":true,"href":"https:\/\/audiohypnosis.online\/pt-br\/wp-json\/wp\/v2\/comments?post=150715"}],"version-history":[{"count":0,"href":"https:\/\/audiohypnosis.online\/pt-br\/wp-json\/wp\/v2\/product\/150715\/revisions"}],"wp:featuredmedia":[{"embeddable":true,"href":"https:\/\/audiohypnosis.online\/pt-br\/wp-json\/wp\/v2\/media\/150716"}],"wp:attachment":[{"href":"https:\/\/audiohypnosis.online\/pt-br\/wp-json\/wp\/v2\/media?parent=150715"}],"wp:term":[{"taxonomy":"language","embeddable":true,"href":"https:\/\/audiohypnosis.online\/pt-br\/wp-json\/wp\/v2\/language?post=150715"},{"taxonomy":"product_cat","embeddable":true,"href":"https:\/\/audiohypnosis.online\/pt-br\/wp-json\/wp\/v2\/product_cat?post=150715"},{"taxonomy":"product_tag","embeddable":true,"href":"https:\/\/audiohypnosis.online\/pt-br\/wp-json\/wp\/v2\/product_tag?post=150715"}],"curies":[{"name":"wp","href":"https:\/\/api.w.org\/{rel}","templated":true}]}}