{"id":150705,"date":"2023-10-14T09:09:04","date_gmt":"2023-10-14T07:09:04","guid":{"rendered":"https:\/\/audiohypnosis.online\/product\/medo-de-aranhas\/"},"modified":"2023-10-14T09:09:04","modified_gmt":"2023-10-14T07:09:04","slug":"medo-de-aranhas","status":"publish","type":"product","link":"https:\/\/audiohypnosis.online\/pt-br\/produto\/medo-de-aranhas\/","title":{"rendered":"Medo de aranhas"},"content":{"rendered":"<p>As aranhas fazem voc\u00ea se arrepiar? Com nossas sess\u00f5es de hipnose em \u00e1udio, voc\u00ea pode obter controle sobre seu medo. Nosso pacote inclui 6 \u00e1udios MP3 diferentes para atender \u00e0s suas necessidades e um manual para que voc\u00ea obtenha os melhores resultados.<\/p>\n","protected":false},"excerpt":{"rendered":"<p>As aranhas fazem voc\u00ea se arrepiar?<\/p>\n","protected":false},"featured_media":150706,"comment_status":"closed","ping_status":"closed","template":"","meta":[],"language":[2637,2636,2581,2780],"product_cat":[2646],"product_tag":[2662,3049,2642,2693,2647],"class_list":{"0":"post-150705","1":"product","2":"type-product","3":"status-publish","4":"has-post-thumbnail","6":"language-alemao","7":"language-frances","8":"language-holandes","9":"language-servio","10":"product_cat-medos-e-fobias","11":"product_tag-ansiedade","12":"product_tag-aranhas","13":"product_tag-bem-estar","14":"product_tag-fobia-pt-br","15":"product_tag-medo","16":"pa_languages-alemao","17":"pa_languages-frances","18":"pa_languages-holandes","19":"pa_languages-servio","21":"entry","22":"has-media","24":"first","25":"instock","26":"purchasable","27":"product-type-variable","28":"has-product-nav","29":"col","30":"span_1_of_4","31":"owp-content-center","32":"owp-thumbs-layout-horizontal","33":"owp-btn-big","34":"owp-tabs-layout-vertical","35":"has-no-thumbnails"},"acf":[],"aioseo_notices":[],"_links":{"self":[{"href":"https:\/\/audiohypnosis.online\/pt-br\/wp-json\/wp\/v2\/product\/150705","targetHints":{"allow":["GET"]}}],"collection":[{"href":"https:\/\/audiohypnosis.online\/pt-br\/wp-json\/wp\/v2\/product"}],"about":[{"href":"https:\/\/audiohypnosis.online\/pt-br\/wp-json\/wp\/v2\/types\/product"}],"replies":[{"embeddable":true,"href":"https:\/\/audiohypnosis.online\/pt-br\/wp-json\/wp\/v2\/comments?post=150705"}],"version-history":[{"count":0,"href":"https:\/\/audiohypnosis.online\/pt-br\/wp-json\/wp\/v2\/product\/150705\/revisions"}],"wp:featuredmedia":[{"embeddable":true,"href":"https:\/\/audiohypnosis.online\/pt-br\/wp-json\/wp\/v2\/media\/150706"}],"wp:attachment":[{"href":"https:\/\/audiohypnosis.online\/pt-br\/wp-json\/wp\/v2\/media?parent=150705"}],"wp:term":[{"taxonomy":"language","embeddable":true,"href":"https:\/\/audiohypnosis.online\/pt-br\/wp-json\/wp\/v2\/language?post=150705"},{"taxonomy":"product_cat","embeddable":true,"href":"https:\/\/audiohypnosis.online\/pt-br\/wp-json\/wp\/v2\/product_cat?post=150705"},{"taxonomy":"product_tag","embeddable":true,"href":"https:\/\/audiohypnosis.online\/pt-br\/wp-json\/wp\/v2\/product_tag?post=150705"}],"curies":[{"name":"wp","href":"https:\/\/api.w.org\/{rel}","templated":true}]}}