{"id":150676,"date":"2023-10-14T09:09:04","date_gmt":"2023-10-14T07:09:04","guid":{"rendered":"https:\/\/audiohypnosis.online\/product\/melhorando-o-golfe\/"},"modified":"2023-10-14T09:09:04","modified_gmt":"2023-10-14T07:09:04","slug":"melhor-jogo-de-golfe","status":"publish","type":"product","link":"https:\/\/audiohypnosis.online\/pt-br\/produto\/melhor-jogo-de-golfe\/","title":{"rendered":"Melhorando o golfe"},"content":{"rendered":"<p>Voc\u00ea quer melhorar seu jogo de golfe? Nossos MP3s de hipnose em \u00e1udio podem ajudar a melhorar sua concentra\u00e7\u00e3o, habilidade e desempenho geral. Comece hoje mesmo sua jornada para uma experi\u00eancia de golfe melhor. O pacote inclui 6 arquivos de \u00e1udio e um manual para que voc\u00ea obtenha os melhores resultados.<\/p>\n","protected":false},"excerpt":{"rendered":"<p>Voc\u00ea quer melhorar seu jogo de golfe?<\/p>\n","protected":false},"featured_media":30521,"comment_status":"closed","ping_status":"closed","template":"","meta":[],"language":[2637,2581,2780],"product_cat":[2582],"product_tag":[2936,2584,2585,2586,2583],"class_list":{"0":"post-150676","1":"product","2":"type-product","3":"status-publish","4":"has-post-thumbnail","6":"language-alemao","7":"language-holandes","8":"language-servio","9":"product_cat-esportes-e-jogos","10":"product_tag-aprimoramento","11":"product_tag-esportes","12":"product_tag-golfe","13":"product_tag-habilidade","14":"product_tag-ocio-pt-br","15":"pa_languages-alemao","16":"pa_languages-holandes","17":"pa_languages-servio","19":"entry","20":"has-media","22":"first","23":"instock","24":"purchasable","25":"product-type-variable","26":"has-product-nav","27":"col","28":"span_1_of_4","29":"owp-content-center","30":"owp-thumbs-layout-horizontal","31":"owp-btn-big","32":"owp-tabs-layout-vertical","33":"has-no-thumbnails"},"acf":[],"aioseo_notices":[],"_links":{"self":[{"href":"https:\/\/audiohypnosis.online\/pt-br\/wp-json\/wp\/v2\/product\/150676","targetHints":{"allow":["GET"]}}],"collection":[{"href":"https:\/\/audiohypnosis.online\/pt-br\/wp-json\/wp\/v2\/product"}],"about":[{"href":"https:\/\/audiohypnosis.online\/pt-br\/wp-json\/wp\/v2\/types\/product"}],"replies":[{"embeddable":true,"href":"https:\/\/audiohypnosis.online\/pt-br\/wp-json\/wp\/v2\/comments?post=150676"}],"version-history":[{"count":0,"href":"https:\/\/audiohypnosis.online\/pt-br\/wp-json\/wp\/v2\/product\/150676\/revisions"}],"wp:featuredmedia":[{"embeddable":true,"href":"https:\/\/audiohypnosis.online\/pt-br\/wp-json\/wp\/v2\/media\/30521"}],"wp:attachment":[{"href":"https:\/\/audiohypnosis.online\/pt-br\/wp-json\/wp\/v2\/media?parent=150676"}],"wp:term":[{"taxonomy":"language","embeddable":true,"href":"https:\/\/audiohypnosis.online\/pt-br\/wp-json\/wp\/v2\/language?post=150676"},{"taxonomy":"product_cat","embeddable":true,"href":"https:\/\/audiohypnosis.online\/pt-br\/wp-json\/wp\/v2\/product_cat?post=150676"},{"taxonomy":"product_tag","embeddable":true,"href":"https:\/\/audiohypnosis.online\/pt-br\/wp-json\/wp\/v2\/product_tag?post=150676"}],"curies":[{"name":"wp","href":"https:\/\/api.w.org\/{rel}","templated":true}]}}