{"id":150646,"date":"2023-10-14T09:09:04","date_gmt":"2023-10-14T07:09:04","guid":{"rendered":"https:\/\/audiohypnosis.online\/product\/memoria-melhor\/"},"modified":"2023-10-14T09:09:04","modified_gmt":"2023-10-14T07:09:04","slug":"melhor-memoria","status":"publish","type":"product","link":"https:\/\/audiohypnosis.online\/pt-br\/produto\/melhor-memoria\/","title":{"rendered":"Mem\u00f3ria melhor"},"content":{"rendered":"<p>Voc\u00ea deseja aprimorar suas habilidades de mem\u00f3ria? Nossas sess\u00f5es de hipnose em \u00e1udio s\u00e3o projetadas para ajudar voc\u00ea a melhorar a reten\u00e7\u00e3o da mem\u00f3ria e o foco. Obtenha acesso a 6 arquivos de \u00e1udio para download e um manual \u00fatil para uma transforma\u00e7\u00e3o completa.<\/p>\n","protected":false},"excerpt":{"rendered":"<p>Voc\u00ea quer melhorar sua mem\u00f3ria?<\/p>\n","protected":false},"featured_media":150647,"comment_status":"closed","ping_status":"closed","template":"","meta":[],"language":[2637,2639,2636,2581,2638,3060,2780],"product_cat":[2651],"product_tag":[3022,2652,2642,2670,3045],"class_list":{"0":"post-150646","1":"product","2":"type-product","3":"status-publish","4":"has-post-thumbnail","6":"language-alemao","7":"language-espanhol","8":"language-frances","9":"language-holandes","10":"language-ingles","11":"language-it-pt-br","12":"language-servio","13":"product_cat-auto-aperfeicoamento","14":"product_tag-aprendizagem","15":"product_tag-auto-aperfeicoamento","16":"product_tag-bem-estar","17":"product_tag-foco","18":"product_tag-memoria-pt-br","19":"pa_languages-alemao","20":"pa_languages-espanhol","21":"pa_languages-frances","22":"pa_languages-holandes","23":"pa_languages-hungaro","24":"pa_languages-ingles","25":"pa_languages-italiano-pt-br","26":"pa_languages-polones","27":"pa_languages-portugues-brasil","28":"pa_languages-servio","29":"pa_languages-ucraniano","31":"entry","32":"has-media","34":"first","35":"instock","36":"purchasable","37":"product-type-variable","38":"has-product-nav","39":"col","40":"span_1_of_4","41":"owp-content-center","42":"owp-thumbs-layout-horizontal","43":"owp-btn-big","44":"owp-tabs-layout-vertical","45":"has-no-thumbnails"},"acf":[],"aioseo_notices":[],"_links":{"self":[{"href":"https:\/\/audiohypnosis.online\/pt-br\/wp-json\/wp\/v2\/product\/150646","targetHints":{"allow":["GET"]}}],"collection":[{"href":"https:\/\/audiohypnosis.online\/pt-br\/wp-json\/wp\/v2\/product"}],"about":[{"href":"https:\/\/audiohypnosis.online\/pt-br\/wp-json\/wp\/v2\/types\/product"}],"replies":[{"embeddable":true,"href":"https:\/\/audiohypnosis.online\/pt-br\/wp-json\/wp\/v2\/comments?post=150646"}],"version-history":[{"count":0,"href":"https:\/\/audiohypnosis.online\/pt-br\/wp-json\/wp\/v2\/product\/150646\/revisions"}],"wp:featuredmedia":[{"embeddable":true,"href":"https:\/\/audiohypnosis.online\/pt-br\/wp-json\/wp\/v2\/media\/150647"}],"wp:attachment":[{"href":"https:\/\/audiohypnosis.online\/pt-br\/wp-json\/wp\/v2\/media?parent=150646"}],"wp:term":[{"taxonomy":"language","embeddable":true,"href":"https:\/\/audiohypnosis.online\/pt-br\/wp-json\/wp\/v2\/language?post=150646"},{"taxonomy":"product_cat","embeddable":true,"href":"https:\/\/audiohypnosis.online\/pt-br\/wp-json\/wp\/v2\/product_cat?post=150646"},{"taxonomy":"product_tag","embeddable":true,"href":"https:\/\/audiohypnosis.online\/pt-br\/wp-json\/wp\/v2\/product_tag?post=150646"}],"curies":[{"name":"wp","href":"https:\/\/api.w.org\/{rel}","templated":true}]}}