{"id":150626,"date":"2023-10-14T09:09:04","date_gmt":"2023-10-14T07:09:04","guid":{"rendered":"https:\/\/audiohypnosis.online\/product\/melhor-padel\/"},"modified":"2023-10-14T09:09:04","modified_gmt":"2023-10-14T07:09:04","slug":"melhor-padel","status":"publish","type":"product","link":"https:\/\/audiohypnosis.online\/pt-br\/produto\/melhor-padel\/","title":{"rendered":"Melhor Padel"},"content":{"rendered":"<p>Este pacote de \u00e1udio-hipnose se concentra em melhorar a t\u00e9cnica, a estrat\u00e9gia e o foco mental no padel.<\/p>\n<p>Ele incentiva o crescimento pessoal no esporte, levando a um maior prazer, sucesso e uma compreens\u00e3o e aprecia\u00e7\u00e3o mais profundas do jogo.<\/p>\n<p>O pacote inclui 6 arquivos (veja abaixo) + um manual .<\/p>\n","protected":false},"excerpt":{"rendered":"<p>Descubra o segredo para se destacar no Paddle Tennis!<\/p>\n<p>Voc\u00ea est\u00e1 pronto para liberar todo o seu potencial?<\/p>\n<p>Transforme seu jogo de remo como voc\u00ea nunca imaginou antes!<\/p>\n","protected":false},"featured_media":150627,"comment_status":"closed","ping_status":"closed","template":"","meta":[],"language":[2581,2780],"product_cat":[2582],"product_tag":[2936,2584,2586,2583,3043],"class_list":{"0":"post-150626","1":"product","2":"type-product","3":"status-publish","4":"has-post-thumbnail","6":"language-holandes","7":"language-servio","8":"product_cat-esportes-e-jogos","9":"product_tag-aprimoramento","10":"product_tag-esportes","11":"product_tag-habilidade","12":"product_tag-ocio-pt-br","13":"product_tag-padel-pt-br","14":"pa_languages-holandes","15":"pa_languages-servio","17":"entry","18":"has-media","20":"first","21":"instock","22":"purchasable","23":"product-type-variable","24":"has-product-nav","25":"col","26":"span_1_of_4","27":"owp-content-center","28":"owp-thumbs-layout-horizontal","29":"owp-btn-big","30":"owp-tabs-layout-vertical","31":"has-no-thumbnails"},"acf":[],"aioseo_notices":[],"_links":{"self":[{"href":"https:\/\/audiohypnosis.online\/pt-br\/wp-json\/wp\/v2\/product\/150626","targetHints":{"allow":["GET"]}}],"collection":[{"href":"https:\/\/audiohypnosis.online\/pt-br\/wp-json\/wp\/v2\/product"}],"about":[{"href":"https:\/\/audiohypnosis.online\/pt-br\/wp-json\/wp\/v2\/types\/product"}],"replies":[{"embeddable":true,"href":"https:\/\/audiohypnosis.online\/pt-br\/wp-json\/wp\/v2\/comments?post=150626"}],"version-history":[{"count":0,"href":"https:\/\/audiohypnosis.online\/pt-br\/wp-json\/wp\/v2\/product\/150626\/revisions"}],"wp:featuredmedia":[{"embeddable":true,"href":"https:\/\/audiohypnosis.online\/pt-br\/wp-json\/wp\/v2\/media\/150627"}],"wp:attachment":[{"href":"https:\/\/audiohypnosis.online\/pt-br\/wp-json\/wp\/v2\/media?parent=150626"}],"wp:term":[{"taxonomy":"language","embeddable":true,"href":"https:\/\/audiohypnosis.online\/pt-br\/wp-json\/wp\/v2\/language?post=150626"},{"taxonomy":"product_cat","embeddable":true,"href":"https:\/\/audiohypnosis.online\/pt-br\/wp-json\/wp\/v2\/product_cat?post=150626"},{"taxonomy":"product_tag","embeddable":true,"href":"https:\/\/audiohypnosis.online\/pt-br\/wp-json\/wp\/v2\/product_tag?post=150626"}],"curies":[{"name":"wp","href":"https:\/\/api.w.org\/{rel}","templated":true}]}}