{"id":150566,"date":"2023-10-14T09:09:04","date_gmt":"2023-10-14T07:09:04","guid":{"rendered":"https:\/\/audiohypnosis.online\/product\/melhor-sono\/"},"modified":"2023-10-14T09:09:04","modified_gmt":"2023-10-14T07:09:04","slug":"dormir-melhor","status":"publish","type":"product","link":"https:\/\/audiohypnosis.online\/pt-br\/produto\/dormir-melhor\/","title":{"rendered":"Melhor sono"},"content":{"rendered":"<p>Voc\u00ea est\u00e1 tendo problemas com noites mal dormidas? Nossos MP3s de hipnose em \u00e1udio t\u00eam o objetivo de ajudar voc\u00ea a ter um sono profundo e tranquilo. Voc\u00ea ter\u00e1 acesso a 6 arquivos de \u00e1udio para download e a um manual para orient\u00e1-lo em dire\u00e7\u00e3o a melhores h\u00e1bitos de sono.<\/p>\n","protected":false},"excerpt":{"rendered":"<p>Voc\u00ea est\u00e1 tendo problemas com noites mal dormidas?<\/p>\n","protected":false},"featured_media":150567,"comment_status":"closed","ping_status":"closed","template":"","meta":[],"language":[2637,2636,2581,3060,2780],"product_cat":[2790],"product_tag":[2936,2642,2683,3037,2641],"class_list":{"0":"post-150566","1":"product","2":"type-product","3":"status-publish","4":"has-post-thumbnail","6":"language-alemao","7":"language-frances","8":"language-holandes","9":"language-it-pt-br","10":"language-servio","11":"product_cat-dormir","12":"product_tag-aprimoramento","13":"product_tag-bem-estar","14":"product_tag-dormir","15":"product_tag-relaxamento","16":"product_tag-saude","17":"pa_languages-alemao","18":"pa_languages-frances","19":"pa_languages-holandes","20":"pa_languages-italiano-pt-br","21":"pa_languages-portugues-brasil","22":"pa_languages-servio","24":"entry","25":"has-media","27":"first","28":"instock","29":"purchasable","30":"product-type-variable","31":"has-product-nav","32":"col","33":"span_1_of_4","34":"owp-content-center","35":"owp-thumbs-layout-horizontal","36":"owp-btn-big","37":"owp-tabs-layout-vertical","38":"has-no-thumbnails"},"acf":[],"aioseo_notices":[],"_links":{"self":[{"href":"https:\/\/audiohypnosis.online\/pt-br\/wp-json\/wp\/v2\/product\/150566","targetHints":{"allow":["GET"]}}],"collection":[{"href":"https:\/\/audiohypnosis.online\/pt-br\/wp-json\/wp\/v2\/product"}],"about":[{"href":"https:\/\/audiohypnosis.online\/pt-br\/wp-json\/wp\/v2\/types\/product"}],"replies":[{"embeddable":true,"href":"https:\/\/audiohypnosis.online\/pt-br\/wp-json\/wp\/v2\/comments?post=150566"}],"version-history":[{"count":0,"href":"https:\/\/audiohypnosis.online\/pt-br\/wp-json\/wp\/v2\/product\/150566\/revisions"}],"wp:featuredmedia":[{"embeddable":true,"href":"https:\/\/audiohypnosis.online\/pt-br\/wp-json\/wp\/v2\/media\/150567"}],"wp:attachment":[{"href":"https:\/\/audiohypnosis.online\/pt-br\/wp-json\/wp\/v2\/media?parent=150566"}],"wp:term":[{"taxonomy":"language","embeddable":true,"href":"https:\/\/audiohypnosis.online\/pt-br\/wp-json\/wp\/v2\/language?post=150566"},{"taxonomy":"product_cat","embeddable":true,"href":"https:\/\/audiohypnosis.online\/pt-br\/wp-json\/wp\/v2\/product_cat?post=150566"},{"taxonomy":"product_tag","embeddable":true,"href":"https:\/\/audiohypnosis.online\/pt-br\/wp-json\/wp\/v2\/product_tag?post=150566"}],"curies":[{"name":"wp","href":"https:\/\/api.w.org\/{rel}","templated":true}]}}