{"id":150556,"date":"2023-10-14T09:09:04","date_gmt":"2023-10-14T07:09:04","guid":{"rendered":"https:\/\/audiohypnosis.online\/product\/medo-de-caes\/"},"modified":"2023-10-14T09:09:04","modified_gmt":"2023-10-14T07:09:04","slug":"medo-de-caes","status":"publish","type":"product","link":"https:\/\/audiohypnosis.online\/pt-br\/produto\/medo-de-caes\/","title":{"rendered":"Medo de c\u00e3es"},"content":{"rendered":"<p>Os c\u00e3es s\u00e3o uma fonte constante de ansiedade para voc\u00ea? Nossas sess\u00f5es de hipnose em \u00e1udio t\u00eam o objetivo de ajudar voc\u00ea a se sentir \u00e0 vontade perto de c\u00e3es. Quebre o ciclo do medo e desfrute de um estado de esp\u00edrito mais relaxado. Nosso pacote inclui 6 arquivos de \u00e1udio para download e um manual para que voc\u00ea tenha o m\u00e1ximo de efic\u00e1cia.<\/p>\n","protected":false},"excerpt":{"rendered":"<p>Voc\u00ea fica ansioso perto de c\u00e3es?<\/p>\n","protected":false},"featured_media":150557,"comment_status":"closed","ping_status":"closed","template":"","meta":[],"language":[2581,2780],"product_cat":[2646],"product_tag":[2662,2642,3036,2693,2647],"class_list":{"0":"post-150556","1":"product","2":"type-product","3":"status-publish","4":"has-post-thumbnail","6":"language-holandes","7":"language-servio","8":"product_cat-medos-e-fobias","9":"product_tag-ansiedade","10":"product_tag-bem-estar","11":"product_tag-caes","12":"product_tag-fobia-pt-br","13":"product_tag-medo","14":"pa_languages-holandes","15":"pa_languages-servio","17":"entry","18":"has-media","20":"first","21":"instock","22":"purchasable","23":"product-type-variable","24":"has-product-nav","25":"col","26":"span_1_of_4","27":"owp-content-center","28":"owp-thumbs-layout-horizontal","29":"owp-btn-big","30":"owp-tabs-layout-vertical","31":"has-no-thumbnails"},"acf":[],"aioseo_notices":[],"_links":{"self":[{"href":"https:\/\/audiohypnosis.online\/pt-br\/wp-json\/wp\/v2\/product\/150556","targetHints":{"allow":["GET"]}}],"collection":[{"href":"https:\/\/audiohypnosis.online\/pt-br\/wp-json\/wp\/v2\/product"}],"about":[{"href":"https:\/\/audiohypnosis.online\/pt-br\/wp-json\/wp\/v2\/types\/product"}],"replies":[{"embeddable":true,"href":"https:\/\/audiohypnosis.online\/pt-br\/wp-json\/wp\/v2\/comments?post=150556"}],"version-history":[{"count":0,"href":"https:\/\/audiohypnosis.online\/pt-br\/wp-json\/wp\/v2\/product\/150556\/revisions"}],"wp:featuredmedia":[{"embeddable":true,"href":"https:\/\/audiohypnosis.online\/pt-br\/wp-json\/wp\/v2\/media\/150557"}],"wp:attachment":[{"href":"https:\/\/audiohypnosis.online\/pt-br\/wp-json\/wp\/v2\/media?parent=150556"}],"wp:term":[{"taxonomy":"language","embeddable":true,"href":"https:\/\/audiohypnosis.online\/pt-br\/wp-json\/wp\/v2\/language?post=150556"},{"taxonomy":"product_cat","embeddable":true,"href":"https:\/\/audiohypnosis.online\/pt-br\/wp-json\/wp\/v2\/product_cat?post=150556"},{"taxonomy":"product_tag","embeddable":true,"href":"https:\/\/audiohypnosis.online\/pt-br\/wp-json\/wp\/v2\/product_tag?post=150556"}],"curies":[{"name":"wp","href":"https:\/\/api.w.org\/{rel}","templated":true}]}}