{"id":150516,"date":"2023-10-14T09:09:04","date_gmt":"2023-10-14T07:09:04","guid":{"rendered":"https:\/\/audiohypnosis.online\/product\/medo-de-dentista\/"},"modified":"2023-10-14T09:09:04","modified_gmt":"2023-10-14T07:09:04","slug":"medo-de-dentista","status":"publish","type":"product","link":"https:\/\/audiohypnosis.online\/pt-br\/produto\/medo-de-dentista\/","title":{"rendered":"Medo de dentista"},"content":{"rendered":"<p>Se a ideia de ir ao dentista o paralisa com medo, nossas sess\u00f5es de hipnose em \u00e1udio oferecem a voc\u00ea uma maneira de recuperar o controle. Livre-se da ansiedade odontol\u00f3gica e enfrente suas consultas com confian\u00e7a. O pacote vem com 6 MP3s de \u00e1udio diferentes e um manual instrutivo para orientar voc\u00ea em dire\u00e7\u00e3o a uma experi\u00eancia odontol\u00f3gica mais relaxada.<\/p>\n","protected":false},"excerpt":{"rendered":"<p>Voc\u00ea tem medo das consultas odontol\u00f3gicas?<\/p>\n","protected":false},"featured_media":150517,"comment_status":"closed","ping_status":"closed","template":"","meta":[],"language":[2637,2581,2780],"product_cat":[2646],"product_tag":[2662,2679,3031,2693,2647],"class_list":{"0":"post-150516","1":"product","2":"type-product","3":"status-publish","4":"has-post-thumbnail","6":"language-alemao","7":"language-holandes","8":"language-servio","9":"product_cat-medos-e-fobias","10":"product_tag-ansiedade","11":"product_tag-dentalcare-pt-br","12":"product_tag-dentista-pt-br","13":"product_tag-fobia-pt-br","14":"product_tag-medo","15":"pa_languages-alemao","16":"pa_languages-holandes","17":"pa_languages-servio","19":"entry","20":"has-media","22":"first","23":"instock","24":"purchasable","25":"product-type-variable","26":"has-product-nav","27":"col","28":"span_1_of_4","29":"owp-content-center","30":"owp-thumbs-layout-horizontal","31":"owp-btn-big","32":"owp-tabs-layout-vertical","33":"has-no-thumbnails"},"acf":[],"aioseo_notices":[],"_links":{"self":[{"href":"https:\/\/audiohypnosis.online\/pt-br\/wp-json\/wp\/v2\/product\/150516","targetHints":{"allow":["GET"]}}],"collection":[{"href":"https:\/\/audiohypnosis.online\/pt-br\/wp-json\/wp\/v2\/product"}],"about":[{"href":"https:\/\/audiohypnosis.online\/pt-br\/wp-json\/wp\/v2\/types\/product"}],"replies":[{"embeddable":true,"href":"https:\/\/audiohypnosis.online\/pt-br\/wp-json\/wp\/v2\/comments?post=150516"}],"version-history":[{"count":0,"href":"https:\/\/audiohypnosis.online\/pt-br\/wp-json\/wp\/v2\/product\/150516\/revisions"}],"wp:featuredmedia":[{"embeddable":true,"href":"https:\/\/audiohypnosis.online\/pt-br\/wp-json\/wp\/v2\/media\/150517"}],"wp:attachment":[{"href":"https:\/\/audiohypnosis.online\/pt-br\/wp-json\/wp\/v2\/media?parent=150516"}],"wp:term":[{"taxonomy":"language","embeddable":true,"href":"https:\/\/audiohypnosis.online\/pt-br\/wp-json\/wp\/v2\/language?post=150516"},{"taxonomy":"product_cat","embeddable":true,"href":"https:\/\/audiohypnosis.online\/pt-br\/wp-json\/wp\/v2\/product_cat?post=150516"},{"taxonomy":"product_tag","embeddable":true,"href":"https:\/\/audiohypnosis.online\/pt-br\/wp-json\/wp\/v2\/product_tag?post=150516"}],"curies":[{"name":"wp","href":"https:\/\/api.w.org\/{rel}","templated":true}]}}