{"id":150496,"date":"2023-10-14T09:09:04","date_gmt":"2023-10-14T07:09:04","guid":{"rendered":"https:\/\/audiohypnosis.online\/product\/medo-de-morrer\/"},"modified":"2023-10-14T09:09:04","modified_gmt":"2023-10-14T07:09:04","slug":"medo-de-morrer","status":"publish","type":"product","link":"https:\/\/audiohypnosis.online\/pt-br\/produto\/medo-de-morrer\/","title":{"rendered":"Medo de morrer"},"content":{"rendered":"<p>Voc\u00ea est\u00e1 lutando contra os medos existenciais? Nossos MP3s de hipnose em \u00e1udio t\u00eam o objetivo de ajudar voc\u00ea a aceitar o aspecto inevit\u00e1vel da vida que todos enfrentamos: a morte. Voc\u00ea ter\u00e1 paz de esp\u00edrito e viver\u00e1 sua vida plenamente ao lidar com essa ansiedade e reduzi-la. Nosso pacote inclui 6 arquivos de \u00e1udio para download, com diferentes vers\u00f5es para atender \u00e0s suas necessidades, juntamente com um manual para m\u00e1xima efic\u00e1cia.<\/p>\n","protected":false},"excerpt":{"rendered":"<p>Voc\u00ea se preocupa com o fato de o medo de morrer afetar sua vida di\u00e1ria?<\/p>\n","protected":false},"featured_media":150497,"comment_status":"closed","ping_status":"closed","template":"","meta":[],"language":[2637,2639,2636,2581,2638,2780],"product_cat":[2646],"product_tag":[2662,2642,2693,2647,3029],"class_list":{"0":"post-150496","1":"product","2":"type-product","3":"status-publish","4":"has-post-thumbnail","6":"language-alemao","7":"language-espanhol","8":"language-frances","9":"language-holandes","10":"language-ingles","11":"language-servio","12":"product_cat-medos-e-fobias","13":"product_tag-ansiedade","14":"product_tag-bem-estar","15":"product_tag-fobia-pt-br","16":"product_tag-medo","17":"product_tag-morte-pt-br","18":"pa_languages-alemao","19":"pa_languages-espanhol","20":"pa_languages-frances","21":"pa_languages-holandes","22":"pa_languages-ingles","23":"pa_languages-polones","24":"pa_languages-servio","25":"pa_languages-ucraniano","27":"entry","28":"has-media","30":"first","31":"instock","32":"purchasable","33":"product-type-variable","34":"has-product-nav","35":"col","36":"span_1_of_4","37":"owp-content-center","38":"owp-thumbs-layout-horizontal","39":"owp-btn-big","40":"owp-tabs-layout-vertical","41":"has-no-thumbnails"},"acf":[],"aioseo_notices":[],"_links":{"self":[{"href":"https:\/\/audiohypnosis.online\/pt-br\/wp-json\/wp\/v2\/product\/150496","targetHints":{"allow":["GET"]}}],"collection":[{"href":"https:\/\/audiohypnosis.online\/pt-br\/wp-json\/wp\/v2\/product"}],"about":[{"href":"https:\/\/audiohypnosis.online\/pt-br\/wp-json\/wp\/v2\/types\/product"}],"replies":[{"embeddable":true,"href":"https:\/\/audiohypnosis.online\/pt-br\/wp-json\/wp\/v2\/comments?post=150496"}],"version-history":[{"count":0,"href":"https:\/\/audiohypnosis.online\/pt-br\/wp-json\/wp\/v2\/product\/150496\/revisions"}],"wp:featuredmedia":[{"embeddable":true,"href":"https:\/\/audiohypnosis.online\/pt-br\/wp-json\/wp\/v2\/media\/150497"}],"wp:attachment":[{"href":"https:\/\/audiohypnosis.online\/pt-br\/wp-json\/wp\/v2\/media?parent=150496"}],"wp:term":[{"taxonomy":"language","embeddable":true,"href":"https:\/\/audiohypnosis.online\/pt-br\/wp-json\/wp\/v2\/language?post=150496"},{"taxonomy":"product_cat","embeddable":true,"href":"https:\/\/audiohypnosis.online\/pt-br\/wp-json\/wp\/v2\/product_cat?post=150496"},{"taxonomy":"product_tag","embeddable":true,"href":"https:\/\/audiohypnosis.online\/pt-br\/wp-json\/wp\/v2\/product_tag?post=150496"}],"curies":[{"name":"wp","href":"https:\/\/api.w.org\/{rel}","templated":true}]}}