{"id":150468,"date":"2023-10-14T09:09:04","date_gmt":"2023-10-14T07:09:04","guid":{"rendered":"https:\/\/audiohypnosis.online\/product\/estudar-melhor\/"},"modified":"2023-10-14T09:09:04","modified_gmt":"2023-10-14T07:09:04","slug":"estudar-melhor","status":"publish","type":"product","link":"https:\/\/audiohypnosis.online\/pt-br\/produto\/estudar-melhor\/","title":{"rendered":"Estudar melhor"},"content":{"rendered":"<p>Voc\u00ea precisa melhorar seu jogo de estudo? Nossos MP3s de hipnose em \u00e1udio s\u00e3o projetados para ajudar voc\u00ea a se concentrar e reter informa\u00e7\u00f5es com efici\u00eancia. O pacote inclui 6 arquivos de \u00e1udio diferentes e um manual para maximizar a efic\u00e1cia.<\/p>\n","protected":false},"excerpt":{"rendered":"<p>Voc\u00ea precisa melhorar seus h\u00e1bitos de estudo?<\/p>\n","protected":false},"featured_media":150469,"comment_status":"closed","ping_status":"closed","template":"","meta":[],"language":[2637,2639,2636,2581,2638,3060,2780],"product_cat":[2651],"product_tag":[3022,2652,3023,2670,2674],"class_list":{"0":"post-150468","1":"product","2":"type-product","3":"status-publish","4":"has-post-thumbnail","6":"language-alemao","7":"language-espanhol","8":"language-frances","9":"language-holandes","10":"language-ingles","11":"language-it-pt-br","12":"language-servio","13":"product_cat-auto-aperfeicoamento","14":"product_tag-aprendizagem","15":"product_tag-auto-aperfeicoamento","16":"product_tag-estudo","17":"product_tag-foco","18":"product_tag-produtividade","19":"pa_languages-alemao","20":"pa_languages-frances","21":"pa_languages-holandes","23":"entry","24":"has-media","26":"first","27":"instock","28":"purchasable","29":"product-type-variable","30":"has-product-nav","31":"col","32":"span_1_of_4","33":"owp-content-center","34":"owp-thumbs-layout-horizontal","35":"owp-btn-big","36":"owp-tabs-layout-vertical","37":"has-no-thumbnails"},"acf":[],"aioseo_notices":[],"_links":{"self":[{"href":"https:\/\/audiohypnosis.online\/pt-br\/wp-json\/wp\/v2\/product\/150468","targetHints":{"allow":["GET"]}}],"collection":[{"href":"https:\/\/audiohypnosis.online\/pt-br\/wp-json\/wp\/v2\/product"}],"about":[{"href":"https:\/\/audiohypnosis.online\/pt-br\/wp-json\/wp\/v2\/types\/product"}],"replies":[{"embeddable":true,"href":"https:\/\/audiohypnosis.online\/pt-br\/wp-json\/wp\/v2\/comments?post=150468"}],"version-history":[{"count":0,"href":"https:\/\/audiohypnosis.online\/pt-br\/wp-json\/wp\/v2\/product\/150468\/revisions"}],"wp:featuredmedia":[{"embeddable":true,"href":"https:\/\/audiohypnosis.online\/pt-br\/wp-json\/wp\/v2\/media\/150469"}],"wp:attachment":[{"href":"https:\/\/audiohypnosis.online\/pt-br\/wp-json\/wp\/v2\/media?parent=150468"}],"wp:term":[{"taxonomy":"language","embeddable":true,"href":"https:\/\/audiohypnosis.online\/pt-br\/wp-json\/wp\/v2\/language?post=150468"},{"taxonomy":"product_cat","embeddable":true,"href":"https:\/\/audiohypnosis.online\/pt-br\/wp-json\/wp\/v2\/product_cat?post=150468"},{"taxonomy":"product_tag","embeddable":true,"href":"https:\/\/audiohypnosis.online\/pt-br\/wp-json\/wp\/v2\/product_tag?post=150468"}],"curies":[{"name":"wp","href":"https:\/\/api.w.org\/{rel}","templated":true}]}}