{"id":150412,"date":"2023-08-17T13:19:14","date_gmt":"2023-08-17T11:19:14","guid":{"rendered":"https:\/\/audiohypnosis.online\/product\/menos-uso-de-cannabis\/"},"modified":"2023-08-17T13:19:14","modified_gmt":"2023-08-17T11:19:14","slug":"menos-uso-de-cannabis","status":"publish","type":"product","link":"https:\/\/audiohypnosis.online\/pt-br\/produto\/menos-uso-de-cannabis\/","title":{"rendered":"Menos uso de cannabis"},"content":{"rendered":"<p>Voc\u00ea quer ter controle sobre o uso excessivo de cannabis? Nossos MP3s de hipnose em \u00e1udio oferecem a voc\u00ea um caminho para escolhas mais saud\u00e1veis. O momento \u00e9 prop\u00edcio para uma transforma\u00e7\u00e3o positiva. Implemente mudan\u00e7as duradouras para obter sucesso r\u00e1pido e saud\u00e1vel. Ao reduzir com sucesso o uso de cannabis, voc\u00ea alcan\u00e7a um novo n\u00edvel de liberdade, controle e bem-estar.<\/p>\n<p>Comece sua jornada de mudan\u00e7a hoje mesmo. Nossos MP3s de hipnose em \u00e1udio orientam voc\u00ea em dire\u00e7\u00e3o a um estilo de vida equilibrado e saud\u00e1vel.<\/p>\n<p>Tamb\u00e9m fornecemos um manual para que voc\u00ea saiba exatamente como obter os melhores resultados com nossos MP3s de hipnose em \u00e1udio.<\/p>\n<p>Voc\u00ea ter\u00e1 acesso a 6 arquivos de \u00e1udio para download (MP3).<\/p>\n<p>A sess\u00e3o b\u00e1sica (passiva), uma vers\u00e3o mais curta (passiva) e uma sess\u00e3o para voc\u00ea ouvir enquanto caminha.<\/p>\n","protected":false},"excerpt":{"rendered":"<p>Voc\u00ea quer ter controle sobre o uso excessivo de cannabis?<\/p>\n","protected":false},"featured_media":150413,"comment_status":"open","ping_status":"closed","template":"","meta":[],"language":[2636,2581],"product_cat":[2894],"product_tag":[2675,2642,2941,2895,3015,3014,2641],"class_list":{"0":"post-150412","1":"product","2":"type-product","3":"status-publish","4":"has-post-thumbnail","6":"language-frances","7":"language-holandes","8":"product_cat-vicios","9":"product_tag-autocontrole","10":"product_tag-bem-estar","11":"product_tag-cannabis-pt-br","12":"product_tag-dependencia","13":"product_tag-erva-daninha","14":"product_tag-maconha","15":"product_tag-saude","16":"pa_languages-frances","17":"pa_languages-holandes","19":"entry","20":"has-media","22":"first","23":"instock","24":"shipping-taxable","25":"purchasable","26":"product-type-variable","27":"has-product-nav","28":"col","29":"span_1_of_4","30":"owp-content-center","31":"owp-thumbs-layout-horizontal","32":"owp-btn-big","33":"owp-tabs-layout-vertical","34":"has-no-thumbnails"},"acf":[],"aioseo_notices":[],"_links":{"self":[{"href":"https:\/\/audiohypnosis.online\/pt-br\/wp-json\/wp\/v2\/product\/150412","targetHints":{"allow":["GET"]}}],"collection":[{"href":"https:\/\/audiohypnosis.online\/pt-br\/wp-json\/wp\/v2\/product"}],"about":[{"href":"https:\/\/audiohypnosis.online\/pt-br\/wp-json\/wp\/v2\/types\/product"}],"replies":[{"embeddable":true,"href":"https:\/\/audiohypnosis.online\/pt-br\/wp-json\/wp\/v2\/comments?post=150412"}],"version-history":[{"count":0,"href":"https:\/\/audiohypnosis.online\/pt-br\/wp-json\/wp\/v2\/product\/150412\/revisions"}],"wp:featuredmedia":[{"embeddable":true,"href":"https:\/\/audiohypnosis.online\/pt-br\/wp-json\/wp\/v2\/media\/150413"}],"wp:attachment":[{"href":"https:\/\/audiohypnosis.online\/pt-br\/wp-json\/wp\/v2\/media?parent=150412"}],"wp:term":[{"taxonomy":"language","embeddable":true,"href":"https:\/\/audiohypnosis.online\/pt-br\/wp-json\/wp\/v2\/language?post=150412"},{"taxonomy":"product_cat","embeddable":true,"href":"https:\/\/audiohypnosis.online\/pt-br\/wp-json\/wp\/v2\/product_cat?post=150412"},{"taxonomy":"product_tag","embeddable":true,"href":"https:\/\/audiohypnosis.online\/pt-br\/wp-json\/wp\/v2\/product_tag?post=150412"}],"curies":[{"name":"wp","href":"https:\/\/api.w.org\/{rel}","templated":true}]}}