{"id":150184,"date":"2023-10-14T09:09:04","date_gmt":"2023-10-14T07:09:04","guid":{"rendered":"https:\/\/audiohypnosis.online\/product\/rubor\/"},"modified":"2023-10-14T09:09:04","modified_gmt":"2023-10-14T07:09:04","slug":"corar","status":"publish","type":"product","link":"https:\/\/audiohypnosis.online\/pt-br\/produto\/corar\/","title":{"rendered":"Rubor"},"content":{"rendered":"<p>Voc\u00ea est\u00e1 lutando contra o excesso de rubor? Nossos MP3s de hipnose de \u00e1udio podem gui\u00e1-lo para recuperar o controle sobre essa rea\u00e7\u00e3o involunt\u00e1ria. Voc\u00ea ter\u00e1 acesso a 6 arquivos de \u00e1udio para download e um manual para ajud\u00e1-lo a obter os melhores resultados.<\/p>\n","protected":false},"excerpt":{"rendered":"<p>Voc\u00ea est\u00e1 lutando com excesso de rubor?<\/p>\n","protected":false},"featured_media":150185,"comment_status":"closed","ping_status":"closed","template":"","meta":[],"language":[2637,2581],"product_cat":[2640],"product_tag":[2662,2643,2653,2987,2641],"class_list":{"0":"post-150184","1":"product","2":"type-product","3":"status-publish","4":"has-post-thumbnail","6":"language-alemao","7":"language-holandes","8":"product_cat-saude-e-bem-estar","9":"product_tag-ansiedade","10":"product_tag-autocuidado-pt-br","11":"product_tag-bem-estar-emocional","12":"product_tag-controle-pt-br","13":"product_tag-saude","14":"pa_languages-alemao","15":"pa_languages-holandes","16":"pa_languages-ucraniano","18":"entry","19":"has-media","21":"first","22":"instock","23":"purchasable","24":"product-type-variable","25":"has-product-nav","26":"col","27":"span_1_of_4","28":"owp-content-center","29":"owp-thumbs-layout-horizontal","30":"owp-btn-big","31":"owp-tabs-layout-vertical","32":"has-no-thumbnails"},"acf":[],"aioseo_notices":[],"_links":{"self":[{"href":"https:\/\/audiohypnosis.online\/pt-br\/wp-json\/wp\/v2\/product\/150184","targetHints":{"allow":["GET"]}}],"collection":[{"href":"https:\/\/audiohypnosis.online\/pt-br\/wp-json\/wp\/v2\/product"}],"about":[{"href":"https:\/\/audiohypnosis.online\/pt-br\/wp-json\/wp\/v2\/types\/product"}],"replies":[{"embeddable":true,"href":"https:\/\/audiohypnosis.online\/pt-br\/wp-json\/wp\/v2\/comments?post=150184"}],"version-history":[{"count":0,"href":"https:\/\/audiohypnosis.online\/pt-br\/wp-json\/wp\/v2\/product\/150184\/revisions"}],"wp:featuredmedia":[{"embeddable":true,"href":"https:\/\/audiohypnosis.online\/pt-br\/wp-json\/wp\/v2\/media\/150185"}],"wp:attachment":[{"href":"https:\/\/audiohypnosis.online\/pt-br\/wp-json\/wp\/v2\/media?parent=150184"}],"wp:term":[{"taxonomy":"language","embeddable":true,"href":"https:\/\/audiohypnosis.online\/pt-br\/wp-json\/wp\/v2\/language?post=150184"},{"taxonomy":"product_cat","embeddable":true,"href":"https:\/\/audiohypnosis.online\/pt-br\/wp-json\/wp\/v2\/product_cat?post=150184"},{"taxonomy":"product_tag","embeddable":true,"href":"https:\/\/audiohypnosis.online\/pt-br\/wp-json\/wp\/v2\/product_tag?post=150184"}],"curies":[{"name":"wp","href":"https:\/\/api.w.org\/{rel}","templated":true}]}}