{"id":150139,"date":"2023-10-14T09:09:04","date_gmt":"2023-10-14T07:09:04","guid":{"rendered":"https:\/\/audiohypnosis.online\/product\/cheio-de-autoconfianca\/"},"modified":"2023-10-14T09:09:04","modified_gmt":"2023-10-14T07:09:04","slug":"cheio-de-autoconfianca","status":"publish","type":"product","link":"https:\/\/audiohypnosis.online\/pt-br\/produto\/cheio-de-autoconfianca\/","title":{"rendered":"Cheio de autoconfian\u00e7a"},"content":{"rendered":"<p>Voc\u00ea quer aumentar sua autoconfian\u00e7a? Nossas sess\u00f5es de hipnose em \u00e1udio oferecem um caminho para voc\u00ea se tornar mais confiante. Obtenha acesso a 6 arquivos de \u00e1udio para download e um manual para guiar voc\u00ea nessa jornada transformadora.<\/p>\n","protected":false},"excerpt":{"rendered":"<p>Voc\u00ea quer aumentar a autoconfian\u00e7a?<\/p>\n","protected":false},"featured_media":150140,"comment_status":"closed","ping_status":"closed","template":"","meta":[],"language":[2637,2639,2636,2581],"product_cat":[2651],"product_tag":[2969,2970,2972,2971,2968],"class_list":{"0":"post-150139","1":"product","2":"type-product","3":"status-publish","4":"has-post-thumbnail","6":"language-alemao","7":"language-espanhol","8":"language-frances","9":"language-holandes","10":"product_cat-auto-aperfeicoamento","11":"product_tag-emocoes-no-ambiente-de-trabalho","12":"product_tag-positividade-pt-br","13":"product_tag-protecao-propria","14":"product_tag-qualidade-de-vida","15":"product_tag-visao-geral","16":"pa_languages-alemao","17":"pa_languages-espanhol","18":"pa_languages-frances","19":"pa_languages-holandes","20":"pa_languages-ucraniano","22":"entry","23":"has-media","25":"first","26":"instock","27":"purchasable","28":"product-type-variable","29":"has-product-nav","30":"col","31":"span_1_of_4","32":"owp-content-center","33":"owp-thumbs-layout-horizontal","34":"owp-btn-big","35":"owp-tabs-layout-vertical","36":"has-no-thumbnails"},"acf":[],"aioseo_notices":[],"_links":{"self":[{"href":"https:\/\/audiohypnosis.online\/pt-br\/wp-json\/wp\/v2\/product\/150139","targetHints":{"allow":["GET"]}}],"collection":[{"href":"https:\/\/audiohypnosis.online\/pt-br\/wp-json\/wp\/v2\/product"}],"about":[{"href":"https:\/\/audiohypnosis.online\/pt-br\/wp-json\/wp\/v2\/types\/product"}],"replies":[{"embeddable":true,"href":"https:\/\/audiohypnosis.online\/pt-br\/wp-json\/wp\/v2\/comments?post=150139"}],"version-history":[{"count":0,"href":"https:\/\/audiohypnosis.online\/pt-br\/wp-json\/wp\/v2\/product\/150139\/revisions"}],"wp:featuredmedia":[{"embeddable":true,"href":"https:\/\/audiohypnosis.online\/pt-br\/wp-json\/wp\/v2\/media\/150140"}],"wp:attachment":[{"href":"https:\/\/audiohypnosis.online\/pt-br\/wp-json\/wp\/v2\/media?parent=150139"}],"wp:term":[{"taxonomy":"language","embeddable":true,"href":"https:\/\/audiohypnosis.online\/pt-br\/wp-json\/wp\/v2\/language?post=150139"},{"taxonomy":"product_cat","embeddable":true,"href":"https:\/\/audiohypnosis.online\/pt-br\/wp-json\/wp\/v2\/product_cat?post=150139"},{"taxonomy":"product_tag","embeddable":true,"href":"https:\/\/audiohypnosis.online\/pt-br\/wp-json\/wp\/v2\/product_tag?post=150139"}],"curies":[{"name":"wp","href":"https:\/\/api.w.org\/{rel}","templated":true}]}}