{"id":150019,"date":"2023-10-14T09:09:04","date_gmt":"2023-10-14T07:09:04","guid":{"rendered":"https:\/\/audiohypnosis.online\/product\/interromper-o-uso-de-cannabis\/"},"modified":"2023-10-14T09:09:04","modified_gmt":"2023-10-14T07:09:04","slug":"uso-de-cannabis","status":"publish","type":"product","link":"https:\/\/audiohypnosis.online\/pt-br\/produto\/uso-de-cannabis\/","title":{"rendered":"Interromper o uso de cannabis"},"content":{"rendered":"<p>Voc\u00ea quer ter controle sobre o uso excessivo de cannabis? Nossos MP3s de hipnose em \u00e1udio oferecem a voc\u00ea um caminho para escolhas mais saud\u00e1veis. O momento \u00e9 prop\u00edcio para uma transforma\u00e7\u00e3o positiva. Implemente mudan\u00e7as duradouras para obter sucesso r\u00e1pido e saud\u00e1vel. Ao reduzir com sucesso o uso de cannabis, voc\u00ea alcan\u00e7a um novo n\u00edvel de liberdade, controle e bem-estar.<\/p>\n","protected":false},"excerpt":{"rendered":"<p>Voc\u00ea quer controlar seu consumo de maconha?<\/p>\n","protected":false},"featured_media":150020,"comment_status":"closed","ping_status":"closed","template":"","meta":[],"language":[2637,2639,2636,2581,3060,2780],"product_cat":[2894],"product_tag":[2943,2941,2807,2942,2944],"class_list":{"0":"post-150019","1":"product","2":"type-product","3":"status-publish","4":"has-post-thumbnail","6":"language-alemao","7":"language-espanhol","8":"language-frances","9":"language-holandes","10":"language-it-pt-br","11":"language-servio","12":"product_cat-vicios","13":"product_tag-aprendizado-de-si-mesmo","14":"product_tag-cannabis-pt-br","15":"product_tag-gezondheid-pt-br","16":"product_tag-verslaving-pt-br","17":"product_tag-welzijn-pt-br","18":"pa_languages-alemao","19":"pa_languages-espanhol","20":"pa_languages-frances","21":"pa_languages-holandes","22":"pa_languages-hungaro","23":"pa_languages-italiano-pt-br","24":"pa_languages-servio","25":"pa_languages-ucraniano","27":"entry","28":"has-media","30":"first","31":"instock","32":"purchasable","33":"product-type-variable","34":"has-product-nav","35":"col","36":"span_1_of_4","37":"owp-content-center","38":"owp-thumbs-layout-horizontal","39":"owp-btn-big","40":"owp-tabs-layout-vertical","41":"has-no-thumbnails"},"acf":[],"aioseo_notices":[],"_links":{"self":[{"href":"https:\/\/audiohypnosis.online\/pt-br\/wp-json\/wp\/v2\/product\/150019","targetHints":{"allow":["GET"]}}],"collection":[{"href":"https:\/\/audiohypnosis.online\/pt-br\/wp-json\/wp\/v2\/product"}],"about":[{"href":"https:\/\/audiohypnosis.online\/pt-br\/wp-json\/wp\/v2\/types\/product"}],"replies":[{"embeddable":true,"href":"https:\/\/audiohypnosis.online\/pt-br\/wp-json\/wp\/v2\/comments?post=150019"}],"version-history":[{"count":0,"href":"https:\/\/audiohypnosis.online\/pt-br\/wp-json\/wp\/v2\/product\/150019\/revisions"}],"wp:featuredmedia":[{"embeddable":true,"href":"https:\/\/audiohypnosis.online\/pt-br\/wp-json\/wp\/v2\/media\/150020"}],"wp:attachment":[{"href":"https:\/\/audiohypnosis.online\/pt-br\/wp-json\/wp\/v2\/media?parent=150019"}],"wp:term":[{"taxonomy":"language","embeddable":true,"href":"https:\/\/audiohypnosis.online\/pt-br\/wp-json\/wp\/v2\/language?post=150019"},{"taxonomy":"product_cat","embeddable":true,"href":"https:\/\/audiohypnosis.online\/pt-br\/wp-json\/wp\/v2\/product_cat?post=150019"},{"taxonomy":"product_tag","embeddable":true,"href":"https:\/\/audiohypnosis.online\/pt-br\/wp-json\/wp\/v2\/product_tag?post=150019"}],"curies":[{"name":"wp","href":"https:\/\/api.w.org\/{rel}","templated":true}]}}