{"id":149999,"date":"2023-10-14T09:09:04","date_gmt":"2023-10-14T07:09:04","guid":{"rendered":"https:\/\/audiohypnosis.online\/product\/claustrofobia\/"},"modified":"2023-10-14T09:09:04","modified_gmt":"2023-10-14T07:09:04","slug":"claustrofobia","status":"publish","type":"product","link":"https:\/\/audiohypnosis.online\/pt-br\/produto\/claustrofobia\/","title":{"rendered":"Claustrofobia"},"content":{"rendered":"<p>Voc\u00ea tem medo de espa\u00e7os apertados? Nossas sess\u00f5es de hipnose em \u00e1udio s\u00e3o projetadas para ajudar voc\u00ea a vencer a claustrofobia. Acalme seus medos e recupere o controle de sua vida com nosso pacote que inclui 6 \u00e1udios MP3 diferentes e um manual de pr\u00e1ticas recomendadas.<\/p>\n","protected":false},"excerpt":{"rendered":"<p>Voc\u00ea tem medo de espa\u00e7os fechados?<\/p>\n","protected":false},"featured_media":150000,"comment_status":"closed","ping_status":"closed","template":"","meta":[],"language":[2637,2636,2581,2638,2780],"product_cat":[2646],"product_tag":[2662,2642,2939,2693,2647],"class_list":{"0":"post-149999","1":"product","2":"type-product","3":"status-publish","4":"has-post-thumbnail","6":"language-alemao","7":"language-frances","8":"language-holandes","9":"language-ingles","10":"language-servio","11":"product_cat-medos-e-fobias","12":"product_tag-ansiedade","13":"product_tag-bem-estar","14":"product_tag-claustrofobia-pt-br","15":"product_tag-fobia-pt-br","16":"product_tag-medo","17":"pa_languages-alemao","18":"pa_languages-frances","19":"pa_languages-holandes","20":"pa_languages-hungaro","21":"pa_languages-ingles","22":"pa_languages-polones","23":"pa_languages-servio","24":"pa_languages-ucraniano","26":"entry","27":"has-media","29":"first","30":"instock","31":"purchasable","32":"product-type-variable","33":"has-product-nav","34":"col","35":"span_1_of_4","36":"owp-content-center","37":"owp-thumbs-layout-horizontal","38":"owp-btn-big","39":"owp-tabs-layout-vertical","40":"has-no-thumbnails"},"acf":[],"aioseo_notices":[],"_links":{"self":[{"href":"https:\/\/audiohypnosis.online\/pt-br\/wp-json\/wp\/v2\/product\/149999","targetHints":{"allow":["GET"]}}],"collection":[{"href":"https:\/\/audiohypnosis.online\/pt-br\/wp-json\/wp\/v2\/product"}],"about":[{"href":"https:\/\/audiohypnosis.online\/pt-br\/wp-json\/wp\/v2\/types\/product"}],"replies":[{"embeddable":true,"href":"https:\/\/audiohypnosis.online\/pt-br\/wp-json\/wp\/v2\/comments?post=149999"}],"version-history":[{"count":0,"href":"https:\/\/audiohypnosis.online\/pt-br\/wp-json\/wp\/v2\/product\/149999\/revisions"}],"wp:featuredmedia":[{"embeddable":true,"href":"https:\/\/audiohypnosis.online\/pt-br\/wp-json\/wp\/v2\/media\/150000"}],"wp:attachment":[{"href":"https:\/\/audiohypnosis.online\/pt-br\/wp-json\/wp\/v2\/media?parent=149999"}],"wp:term":[{"taxonomy":"language","embeddable":true,"href":"https:\/\/audiohypnosis.online\/pt-br\/wp-json\/wp\/v2\/language?post=149999"},{"taxonomy":"product_cat","embeddable":true,"href":"https:\/\/audiohypnosis.online\/pt-br\/wp-json\/wp\/v2\/product_cat?post=149999"},{"taxonomy":"product_tag","embeddable":true,"href":"https:\/\/audiohypnosis.online\/pt-br\/wp-json\/wp\/v2\/product_tag?post=149999"}],"curies":[{"name":"wp","href":"https:\/\/api.w.org\/{rel}","templated":true}]}}