{"id":149979,"date":"2023-10-14T09:09:04","date_gmt":"2023-10-14T07:09:04","guid":{"rendered":"https:\/\/audiohypnosis.online\/product\/darteritus\/"},"modified":"2023-10-14T09:09:04","modified_gmt":"2023-10-14T07:09:04","slug":"darteritus","status":"publish","type":"product","link":"https:\/\/audiohypnosis.online\/pt-br\/produto\/darteritus\/","title":{"rendered":"Darteritus"},"content":{"rendered":"<p>Voc\u00ea est\u00e1 tendo problemas com o darteritus em seu jogo de dardos? Nossas sess\u00f5es de hipnose em \u00e1udio podem ajudar voc\u00ea a melhorar seu foco e suas habilidades. O pacote inclui 6 arquivos de \u00e1udio e um manual para orientar voc\u00ea em dire\u00e7\u00e3o a um melhor desempenho.<\/p>\n","protected":false},"excerpt":{"rendered":"<p>Voc\u00ea quer melhorar seu jogo de dardos?<\/p>\n","protected":false},"featured_media":149980,"comment_status":"closed","ping_status":"closed","template":"","meta":[],"language":[2636,2581,2780],"product_cat":[2582],"product_tag":[2936,2937,2584,2586,2583],"class_list":{"0":"post-149979","1":"product","2":"type-product","3":"status-publish","4":"has-post-thumbnail","6":"language-frances","7":"language-holandes","8":"language-servio","9":"product_cat-esportes-e-jogos","10":"product_tag-aprimoramento","11":"product_tag-dardos-pt-br","12":"product_tag-esportes","13":"product_tag-habilidade","14":"product_tag-ocio-pt-br","15":"pa_languages-frances","16":"pa_languages-holandes","17":"pa_languages-servio","19":"entry","20":"has-media","22":"first","23":"instock","24":"purchasable","25":"product-type-variable","26":"has-product-nav","27":"col","28":"span_1_of_4","29":"owp-content-center","30":"owp-thumbs-layout-horizontal","31":"owp-btn-big","32":"owp-tabs-layout-vertical","33":"has-no-thumbnails"},"acf":[],"aioseo_notices":[],"_links":{"self":[{"href":"https:\/\/audiohypnosis.online\/pt-br\/wp-json\/wp\/v2\/product\/149979","targetHints":{"allow":["GET"]}}],"collection":[{"href":"https:\/\/audiohypnosis.online\/pt-br\/wp-json\/wp\/v2\/product"}],"about":[{"href":"https:\/\/audiohypnosis.online\/pt-br\/wp-json\/wp\/v2\/types\/product"}],"replies":[{"embeddable":true,"href":"https:\/\/audiohypnosis.online\/pt-br\/wp-json\/wp\/v2\/comments?post=149979"}],"version-history":[{"count":0,"href":"https:\/\/audiohypnosis.online\/pt-br\/wp-json\/wp\/v2\/product\/149979\/revisions"}],"wp:featuredmedia":[{"embeddable":true,"href":"https:\/\/audiohypnosis.online\/pt-br\/wp-json\/wp\/v2\/media\/149980"}],"wp:attachment":[{"href":"https:\/\/audiohypnosis.online\/pt-br\/wp-json\/wp\/v2\/media?parent=149979"}],"wp:term":[{"taxonomy":"language","embeddable":true,"href":"https:\/\/audiohypnosis.online\/pt-br\/wp-json\/wp\/v2\/language?post=149979"},{"taxonomy":"product_cat","embeddable":true,"href":"https:\/\/audiohypnosis.online\/pt-br\/wp-json\/wp\/v2\/product_cat?post=149979"},{"taxonomy":"product_tag","embeddable":true,"href":"https:\/\/audiohypnosis.online\/pt-br\/wp-json\/wp\/v2\/product_tag?post=149979"}],"curies":[{"name":"wp","href":"https:\/\/api.w.org\/{rel}","templated":true}]}}