{"id":149959,"date":"2023-10-14T09:09:04","date_gmt":"2023-10-14T07:09:04","guid":{"rendered":"https:\/\/audiohypnosis.online\/product\/namoro-com-confianca\/"},"modified":"2023-10-14T09:09:04","modified_gmt":"2023-10-14T07:09:04","slug":"namoro-com-confianca","status":"publish","type":"product","link":"https:\/\/audiohypnosis.online\/pt-br\/produto\/namoro-com-confianca\/","title":{"rendered":"Namoro com confian\u00e7a"},"content":{"rendered":"<p>Voc\u00ea est\u00e1 nervoso com o namoro? Nossos MP3s de hipnose em \u00e1udio t\u00eam o objetivo de aumentar sua confian\u00e7a, tornando a cena do namoro menos intimidadora. Com 6 arquivos de \u00e1udio diferentes e um manual de pr\u00e1ticas eficazes, voc\u00ea far\u00e1 com que seu pr\u00f3ximo encontro seja um sucesso.<\/p>\n","protected":false},"excerpt":{"rendered":"<p>Voc\u00ea precisa de mais confian\u00e7a em sua vida amorosa?<\/p>\n","protected":false},"featured_media":149960,"comment_status":"closed","ping_status":"closed","template":"","meta":[],"language":[2637,2639,2636,2581,2638,3060,2780],"product_cat":[2828],"product_tag":[2829,2653,2655,2934,2808],"class_list":{"0":"post-149959","1":"product","2":"type-product","3":"status-publish","4":"has-post-thumbnail","6":"language-alemao","7":"language-espanhol","8":"language-frances","9":"language-holandes","10":"language-ingles","11":"language-it-pt-br","12":"language-servio","13":"product_cat-relacionamentos","14":"product_tag-amor-pt-br","15":"product_tag-bem-estar-emocional","16":"product_tag-confianca","17":"product_tag-namoro","18":"product_tag-relacionamentos","19":"pa_languages-alemao","20":"pa_languages-frances","21":"pa_languages-holandes","22":"pa_languages-hungaro","23":"pa_languages-ingles","24":"pa_languages-polones","25":"pa_languages-portugues-brasil","26":"pa_languages-servio","27":"pa_languages-ucraniano","29":"entry","30":"has-media","32":"first","33":"instock","34":"purchasable","35":"product-type-variable","36":"has-product-nav","37":"col","38":"span_1_of_4","39":"owp-content-center","40":"owp-thumbs-layout-horizontal","41":"owp-btn-big","42":"owp-tabs-layout-vertical","43":"has-no-thumbnails"},"acf":[],"aioseo_notices":[],"_links":{"self":[{"href":"https:\/\/audiohypnosis.online\/pt-br\/wp-json\/wp\/v2\/product\/149959","targetHints":{"allow":["GET"]}}],"collection":[{"href":"https:\/\/audiohypnosis.online\/pt-br\/wp-json\/wp\/v2\/product"}],"about":[{"href":"https:\/\/audiohypnosis.online\/pt-br\/wp-json\/wp\/v2\/types\/product"}],"replies":[{"embeddable":true,"href":"https:\/\/audiohypnosis.online\/pt-br\/wp-json\/wp\/v2\/comments?post=149959"}],"version-history":[{"count":0,"href":"https:\/\/audiohypnosis.online\/pt-br\/wp-json\/wp\/v2\/product\/149959\/revisions"}],"wp:featuredmedia":[{"embeddable":true,"href":"https:\/\/audiohypnosis.online\/pt-br\/wp-json\/wp\/v2\/media\/149960"}],"wp:attachment":[{"href":"https:\/\/audiohypnosis.online\/pt-br\/wp-json\/wp\/v2\/media?parent=149959"}],"wp:term":[{"taxonomy":"language","embeddable":true,"href":"https:\/\/audiohypnosis.online\/pt-br\/wp-json\/wp\/v2\/language?post=149959"},{"taxonomy":"product_cat","embeddable":true,"href":"https:\/\/audiohypnosis.online\/pt-br\/wp-json\/wp\/v2\/product_cat?post=149959"},{"taxonomy":"product_tag","embeddable":true,"href":"https:\/\/audiohypnosis.online\/pt-br\/wp-json\/wp\/v2\/product_tag?post=149959"}],"curies":[{"name":"wp","href":"https:\/\/api.w.org\/{rel}","templated":true}]}}