{"id":149939,"date":"2023-10-14T09:09:09","date_gmt":"2023-10-14T07:09:09","guid":{"rendered":"https:\/\/audiohypnosis.online\/product\/ego-boost\/"},"modified":"2023-10-14T09:09:09","modified_gmt":"2023-10-14T07:09:09","slug":"aumento-do-ego","status":"publish","type":"product","link":"https:\/\/audiohypnosis.online\/pt-br\/produto\/aumento-do-ego\/","title":{"rendered":"Ego Boost"},"content":{"rendered":"<p>Voc\u00ea est\u00e1 buscando um aumento na autoestima? Nossas sess\u00f5es de hipnose em \u00e1udio oferecem um caminho para que voc\u00ea tenha um senso mais forte de si mesmo. Tenha acesso a 6 arquivos de \u00e1udio para download e a um manual para orientar sua jornada rumo a uma autoimagem mais positiva.<\/p>\n","protected":false},"excerpt":{"rendered":"<p>Voc\u00ea est\u00e1 buscando um aumento na autoestima?<\/p>\n","protected":false},"featured_media":149940,"comment_status":"closed","ping_status":"closed","template":"","meta":[],"language":[2637,2636,2581,2780],"product_cat":[2651],"product_tag":[2652,2656,2653,2655,2658],"class_list":{"0":"post-149939","1":"product","2":"type-product","3":"status-publish","4":"has-post-thumbnail","6":"language-alemao","7":"language-frances","8":"language-holandes","9":"language-servio","10":"product_cat-auto-aperfeicoamento","11":"product_tag-auto-aperfeicoamento","12":"product_tag-autoestima-pt-br","13":"product_tag-bem-estar-emocional","14":"product_tag-confianca","15":"product_tag-positividade","16":"pa_languages-alemao","17":"pa_languages-frances","18":"pa_languages-holandes","19":"pa_languages-servio","20":"pa_languages-ucraniano","22":"entry","23":"has-media","25":"first","26":"instock","27":"purchasable","28":"product-type-variable","29":"has-product-nav","30":"col","31":"span_1_of_4","32":"owp-content-center","33":"owp-thumbs-layout-horizontal","34":"owp-btn-big","35":"owp-tabs-layout-vertical","36":"has-no-thumbnails"},"acf":[],"aioseo_notices":[],"_links":{"self":[{"href":"https:\/\/audiohypnosis.online\/pt-br\/wp-json\/wp\/v2\/product\/149939","targetHints":{"allow":["GET"]}}],"collection":[{"href":"https:\/\/audiohypnosis.online\/pt-br\/wp-json\/wp\/v2\/product"}],"about":[{"href":"https:\/\/audiohypnosis.online\/pt-br\/wp-json\/wp\/v2\/types\/product"}],"replies":[{"embeddable":true,"href":"https:\/\/audiohypnosis.online\/pt-br\/wp-json\/wp\/v2\/comments?post=149939"}],"version-history":[{"count":0,"href":"https:\/\/audiohypnosis.online\/pt-br\/wp-json\/wp\/v2\/product\/149939\/revisions"}],"wp:featuredmedia":[{"embeddable":true,"href":"https:\/\/audiohypnosis.online\/pt-br\/wp-json\/wp\/v2\/media\/149940"}],"wp:attachment":[{"href":"https:\/\/audiohypnosis.online\/pt-br\/wp-json\/wp\/v2\/media?parent=149939"}],"wp:term":[{"taxonomy":"language","embeddable":true,"href":"https:\/\/audiohypnosis.online\/pt-br\/wp-json\/wp\/v2\/language?post=149939"},{"taxonomy":"product_cat","embeddable":true,"href":"https:\/\/audiohypnosis.online\/pt-br\/wp-json\/wp\/v2\/product_cat?post=149939"},{"taxonomy":"product_tag","embeddable":true,"href":"https:\/\/audiohypnosis.online\/pt-br\/wp-json\/wp\/v2\/product_tag?post=149939"}],"curies":[{"name":"wp","href":"https:\/\/api.w.org\/{rel}","templated":true}]}}