{"id":149897,"date":"2023-10-14T09:09:09","date_gmt":"2023-10-14T07:09:09","guid":{"rendered":"https:\/\/audiohypnosis.online\/product\/sem-alcool\/"},"modified":"2023-10-14T09:09:09","modified_gmt":"2023-10-14T07:09:09","slug":"sem-alcool","status":"publish","type":"product","link":"https:\/\/audiohypnosis.online\/pt-br\/produto\/sem-alcool\/","title":{"rendered":"Sem \u00e1lcool"},"content":{"rendered":"<p>Voc\u00ea quer se abster de \u00e1lcool? Nossos MP3s de hipnose em \u00e1udio oferecem a voc\u00ea um caminho para uma vida mais saud\u00e1vel. Tenha controle sobre o consumo de \u00e1lcool e desfrute de um estilo de vida mais equilibrado. O pacote inclui 6 arquivos de \u00e1udio e um manual abrangente.<\/p>\n","protected":false},"excerpt":{"rendered":"<p>Voc\u00ea quer parar de beber?<\/p>\n","protected":false},"featured_media":149898,"comment_status":"closed","ping_status":"closed","template":"","meta":[],"language":[2637,2639,2636,2581,2638,3060,2780],"product_cat":[2894],"product_tag":[2677,2924,2925,2672,2682],"class_list":{"0":"post-149897","1":"product","2":"type-product","3":"status-publish","4":"has-post-thumbnail","6":"language-alemao","7":"language-espanhol","8":"language-frances","9":"language-holandes","10":"language-ingles","11":"language-it-pt-br","12":"language-servio","13":"product_cat-vicios","14":"product_tag-como-voce-pode-fazer-isso-pt-br","15":"product_tag-voce-tambem-pode-usar-o-sistema-de-controle-de-acesso","16":"product_tag--pt-br","19":"pa_languages-alemao","20":"pa_languages-espanhol","21":"pa_languages-frances","22":"pa_languages-holandes","23":"pa_languages-hungaro","24":"pa_languages-ingles","25":"pa_languages-italiano-pt-br","26":"pa_languages-portugues-brasil","27":"pa_languages-servio","28":"pa_languages-ucraniano","30":"entry","31":"has-media","33":"first","34":"instock","35":"purchasable","36":"product-type-variable","37":"has-product-nav","38":"col","39":"span_1_of_4","40":"owp-content-center","41":"owp-thumbs-layout-horizontal","42":"owp-btn-big","43":"owp-tabs-layout-vertical","44":"has-no-thumbnails"},"acf":[],"aioseo_notices":[],"_links":{"self":[{"href":"https:\/\/audiohypnosis.online\/pt-br\/wp-json\/wp\/v2\/product\/149897","targetHints":{"allow":["GET"]}}],"collection":[{"href":"https:\/\/audiohypnosis.online\/pt-br\/wp-json\/wp\/v2\/product"}],"about":[{"href":"https:\/\/audiohypnosis.online\/pt-br\/wp-json\/wp\/v2\/types\/product"}],"replies":[{"embeddable":true,"href":"https:\/\/audiohypnosis.online\/pt-br\/wp-json\/wp\/v2\/comments?post=149897"}],"version-history":[{"count":0,"href":"https:\/\/audiohypnosis.online\/pt-br\/wp-json\/wp\/v2\/product\/149897\/revisions"}],"wp:featuredmedia":[{"embeddable":true,"href":"https:\/\/audiohypnosis.online\/pt-br\/wp-json\/wp\/v2\/media\/149898"}],"wp:attachment":[{"href":"https:\/\/audiohypnosis.online\/pt-br\/wp-json\/wp\/v2\/media?parent=149897"}],"wp:term":[{"taxonomy":"language","embeddable":true,"href":"https:\/\/audiohypnosis.online\/pt-br\/wp-json\/wp\/v2\/language?post=149897"},{"taxonomy":"product_cat","embeddable":true,"href":"https:\/\/audiohypnosis.online\/pt-br\/wp-json\/wp\/v2\/product_cat?post=149897"},{"taxonomy":"product_tag","embeddable":true,"href":"https:\/\/audiohypnosis.online\/pt-br\/wp-json\/wp\/v2\/product_tag?post=149897"}],"curies":[{"name":"wp","href":"https:\/\/api.w.org\/{rel}","templated":true}]}}