{"id":149816,"date":"2023-10-14T09:09:09","date_gmt":"2023-10-14T07:09:09","guid":{"rendered":"https:\/\/audiohypnosis.online\/product\/vicio-em-jogos-de-azar\/"},"modified":"2023-10-14T09:09:09","modified_gmt":"2023-10-14T07:09:09","slug":"vicio-em-jogos-de-azar","status":"publish","type":"product","link":"https:\/\/audiohypnosis.online\/pt-br\/produto\/vicio-em-jogos-de-azar\/","title":{"rendered":"V\u00edcio em jogos de azar"},"content":{"rendered":"<p>Voc\u00ea est\u00e1 lutando contra o v\u00edcio em jogos de azar? Nossas sess\u00f5es de hipnose em \u00e1udio s\u00e3o projetadas para ajudar voc\u00ea a recuperar o controle. O pacote inclui 6 arquivos de \u00e1udio para download e um manual para orientar voc\u00ea em sua jornada para se livrar do jogo.<\/p>\n","protected":false},"excerpt":{"rendered":"<p>Voc\u00ea est\u00e1 lutando contra o v\u00edcio em jogos de azar?<\/p>\n","protected":false},"featured_media":149817,"comment_status":"closed","ping_status":"closed","template":"","meta":[],"language":[2637,2636,2581,2780],"product_cat":[2894],"product_tag":[2675,2642,2895,2896,2641],"class_list":{"0":"post-149816","1":"product","2":"type-product","3":"status-publish","4":"has-post-thumbnail","6":"language-alemao","7":"language-frances","8":"language-holandes","9":"language-servio","10":"product_cat-vicios","11":"product_tag-autocontrole","12":"product_tag-bem-estar","13":"product_tag-dependencia","14":"product_tag-jogos-de-azar","15":"product_tag-saude","16":"pa_languages-alemao","17":"pa_languages-frances","18":"pa_languages-holandes","19":"pa_languages-servio","21":"entry","22":"has-media","24":"first","25":"instock","26":"purchasable","27":"product-type-variable","28":"has-product-nav","29":"col","30":"span_1_of_4","31":"owp-content-center","32":"owp-thumbs-layout-horizontal","33":"owp-btn-big","34":"owp-tabs-layout-vertical","35":"has-no-thumbnails"},"acf":[],"aioseo_notices":[],"_links":{"self":[{"href":"https:\/\/audiohypnosis.online\/pt-br\/wp-json\/wp\/v2\/product\/149816","targetHints":{"allow":["GET"]}}],"collection":[{"href":"https:\/\/audiohypnosis.online\/pt-br\/wp-json\/wp\/v2\/product"}],"about":[{"href":"https:\/\/audiohypnosis.online\/pt-br\/wp-json\/wp\/v2\/types\/product"}],"replies":[{"embeddable":true,"href":"https:\/\/audiohypnosis.online\/pt-br\/wp-json\/wp\/v2\/comments?post=149816"}],"version-history":[{"count":0,"href":"https:\/\/audiohypnosis.online\/pt-br\/wp-json\/wp\/v2\/product\/149816\/revisions"}],"wp:featuredmedia":[{"embeddable":true,"href":"https:\/\/audiohypnosis.online\/pt-br\/wp-json\/wp\/v2\/media\/149817"}],"wp:attachment":[{"href":"https:\/\/audiohypnosis.online\/pt-br\/wp-json\/wp\/v2\/media?parent=149816"}],"wp:term":[{"taxonomy":"language","embeddable":true,"href":"https:\/\/audiohypnosis.online\/pt-br\/wp-json\/wp\/v2\/language?post=149816"},{"taxonomy":"product_cat","embeddable":true,"href":"https:\/\/audiohypnosis.online\/pt-br\/wp-json\/wp\/v2\/product_cat?post=149816"},{"taxonomy":"product_tag","embeddable":true,"href":"https:\/\/audiohypnosis.online\/pt-br\/wp-json\/wp\/v2\/product_tag?post=149816"}],"curies":[{"name":"wp","href":"https:\/\/api.w.org\/{rel}","templated":true}]}}