{"id":149768,"date":"2023-10-14T09:09:09","date_gmt":"2023-10-14T07:09:09","guid":{"rendered":"https:\/\/audiohypnosis.online\/product\/esperando-no-golfe\/"},"modified":"2023-10-14T09:09:09","modified_gmt":"2023-10-14T07:09:09","slug":"esperando-no-golfe","status":"publish","type":"product","link":"https:\/\/audiohypnosis.online\/pt-br\/produto\/esperando-no-golfe\/","title":{"rendered":"Esperando no golfe"},"content":{"rendered":"<p>Voc\u00ea est\u00e1 impaciente enquanto espera a sua vez no golfe? Nossos MP3s de hipnose em \u00e1udio t\u00eam o objetivo de ajudar voc\u00ea a cultivar a paci\u00eancia, melhorando seu jogo e seu bem-estar mental. O pacote vem com 6 arquivos de \u00e1udio e um manual para uso eficaz.<\/p>\n","protected":false},"excerpt":{"rendered":"<p>Voc\u00ea precisa de paci\u00eancia em seu jogo de golfe?<\/p>\n","protected":false},"featured_media":149769,"comment_status":"closed","ping_status":"closed","template":"","meta":[],"language":[2637,2581],"product_cat":[2582],"product_tag":[2883,2584,2585,2583,2884],"class_list":{"0":"post-149768","1":"product","2":"type-product","3":"status-publish","4":"has-post-thumbnail","6":"language-alemao","7":"language-holandes","8":"product_cat-esportes-e-jogos","9":"product_tag-esperando","10":"product_tag-esportes","11":"product_tag-golfe","12":"product_tag-ocio-pt-br","13":"product_tag-paciencia-pt-br","14":"pa_languages-alemao","15":"pa_languages-holandes","17":"entry","18":"has-media","20":"first","21":"instock","22":"purchasable","23":"product-type-variable","24":"has-product-nav","25":"col","26":"span_1_of_4","27":"owp-content-center","28":"owp-thumbs-layout-horizontal","29":"owp-btn-big","30":"owp-tabs-layout-vertical","31":"has-no-thumbnails"},"acf":[],"aioseo_notices":[],"_links":{"self":[{"href":"https:\/\/audiohypnosis.online\/pt-br\/wp-json\/wp\/v2\/product\/149768","targetHints":{"allow":["GET"]}}],"collection":[{"href":"https:\/\/audiohypnosis.online\/pt-br\/wp-json\/wp\/v2\/product"}],"about":[{"href":"https:\/\/audiohypnosis.online\/pt-br\/wp-json\/wp\/v2\/types\/product"}],"replies":[{"embeddable":true,"href":"https:\/\/audiohypnosis.online\/pt-br\/wp-json\/wp\/v2\/comments?post=149768"}],"version-history":[{"count":0,"href":"https:\/\/audiohypnosis.online\/pt-br\/wp-json\/wp\/v2\/product\/149768\/revisions"}],"wp:featuredmedia":[{"embeddable":true,"href":"https:\/\/audiohypnosis.online\/pt-br\/wp-json\/wp\/v2\/media\/149769"}],"wp:attachment":[{"href":"https:\/\/audiohypnosis.online\/pt-br\/wp-json\/wp\/v2\/media?parent=149768"}],"wp:term":[{"taxonomy":"language","embeddable":true,"href":"https:\/\/audiohypnosis.online\/pt-br\/wp-json\/wp\/v2\/language?post=149768"},{"taxonomy":"product_cat","embeddable":true,"href":"https:\/\/audiohypnosis.online\/pt-br\/wp-json\/wp\/v2\/product_cat?post=149768"},{"taxonomy":"product_tag","embeddable":true,"href":"https:\/\/audiohypnosis.online\/pt-br\/wp-json\/wp\/v2\/product_tag?post=149768"}],"curies":[{"name":"wp","href":"https:\/\/api.w.org\/{rel}","templated":true}]}}