{"id":149630,"date":"2023-10-14T09:09:09","date_gmt":"2023-10-14T07:09:09","guid":{"rendered":"https:\/\/audiohypnosis.online\/product\/ciume\/"},"modified":"2023-10-14T09:09:09","modified_gmt":"2023-10-14T07:09:09","slug":"ciume","status":"publish","type":"product","link":"https:\/\/audiohypnosis.online\/pt-br\/produto\/ciume\/","title":{"rendered":"Ci\u00fame"},"content":{"rendered":"<p>O ci\u00fame est\u00e1 afetando seus relacionamentos? Nossas sess\u00f5es de hipnose em \u00e1udio t\u00eam o objetivo de ajudar voc\u00ea a controlar essa emo\u00e7\u00e3o. Obtenha acesso a 6 arquivos de \u00e1udio para download e a um manual abrangente.<\/p>\n","protected":false},"excerpt":{"rendered":"<p>Voc\u00ea est\u00e1 lutando contra o ci\u00fame?<\/p>\n","protected":false},"featured_media":149631,"comment_status":"closed","ping_status":"closed","template":"","meta":[],"language":[2637,2636,2581],"product_cat":[2828],"product_tag":[2829,2675,2653,2838,2808],"class_list":{"0":"post-149630","1":"product","2":"type-product","3":"status-publish","4":"has-post-thumbnail","6":"language-alemao","7":"language-frances","8":"language-holandes","9":"product_cat-relacionamentos","10":"product_tag-amor-pt-br","11":"product_tag-autocontrole","12":"product_tag-bem-estar-emocional","13":"product_tag-ciume","14":"product_tag-relacionamentos","15":"pa_languages-alemao","16":"pa_languages-frances","17":"pa_languages-holandes","18":"pa_languages-portugues-brasil","20":"entry","21":"has-media","23":"first","24":"instock","25":"purchasable","26":"product-type-variable","27":"has-product-nav","28":"col","29":"span_1_of_4","30":"owp-content-center","31":"owp-thumbs-layout-horizontal","32":"owp-btn-big","33":"owp-tabs-layout-vertical","34":"has-no-thumbnails"},"acf":[],"aioseo_notices":[],"_links":{"self":[{"href":"https:\/\/audiohypnosis.online\/pt-br\/wp-json\/wp\/v2\/product\/149630","targetHints":{"allow":["GET"]}}],"collection":[{"href":"https:\/\/audiohypnosis.online\/pt-br\/wp-json\/wp\/v2\/product"}],"about":[{"href":"https:\/\/audiohypnosis.online\/pt-br\/wp-json\/wp\/v2\/types\/product"}],"replies":[{"embeddable":true,"href":"https:\/\/audiohypnosis.online\/pt-br\/wp-json\/wp\/v2\/comments?post=149630"}],"version-history":[{"count":0,"href":"https:\/\/audiohypnosis.online\/pt-br\/wp-json\/wp\/v2\/product\/149630\/revisions"}],"wp:featuredmedia":[{"embeddable":true,"href":"https:\/\/audiohypnosis.online\/pt-br\/wp-json\/wp\/v2\/media\/149631"}],"wp:attachment":[{"href":"https:\/\/audiohypnosis.online\/pt-br\/wp-json\/wp\/v2\/media?parent=149630"}],"wp:term":[{"taxonomy":"language","embeddable":true,"href":"https:\/\/audiohypnosis.online\/pt-br\/wp-json\/wp\/v2\/language?post=149630"},{"taxonomy":"product_cat","embeddable":true,"href":"https:\/\/audiohypnosis.online\/pt-br\/wp-json\/wp\/v2\/product_cat?post=149630"},{"taxonomy":"product_tag","embeddable":true,"href":"https:\/\/audiohypnosis.online\/pt-br\/wp-json\/wp\/v2\/product_tag?post=149630"}],"curies":[{"name":"wp","href":"https:\/\/api.w.org\/{rel}","templated":true}]}}